{"id":228,"date":"2022-07-30T02:27:45","date_gmt":"2022-07-30T00:27:45","guid":{"rendered":"http:\/\/autoserwisraczkowski.pl\/?page_id=228"},"modified":"2022-08-01T16:06:00","modified_gmt":"2022-08-01T14:06:00","slug":"\u043f\u0430\u043a\u0435\u0442\u0438-2","status":"publish","type":"page","link":"https:\/\/autoserwisraczkowski.pl\/uk\/\u043f\u0430\u043a\u0435\u0442\u0438-2\/","title":{"rendered":"\u041f\u0410\u041a\u0415\u0422\u0418"},"content":{"rendered":"<div data-elementor-type=\"wp-page\" data-elementor-id=\"228\" class=\"elementor elementor-228\" data-elementor-post-type=\"page\">\n\t\t\t\t\t\t<section class=\"elementor-section elementor-top-section elementor-element elementor-element-d39b01b elementor-section-boxed elementor-section-height-default elementor-section-height-default\" data-id=\"d39b01b\" data-element_type=\"section\" data-e-type=\"section\">\n\t\t\t\t\t\t<div class=\"elementor-container elementor-column-gap-default\">\n\t\t\t\t\t<div class=\"elementor-column elementor-col-100 elementor-top-column elementor-element elementor-element-6870d71\" data-id=\"6870d71\" data-element_type=\"column\" data-e-type=\"column\">\n\t\t\t<div class=\"elementor-widget-wrap elementor-element-populated\">\n\t\t\t\t\t\t<div class=\"elementor-element elementor-element-293ca7d elementor-widget elementor-widget-ucaddon_card_carousel\" data-id=\"293ca7d\" data-element_type=\"widget\" data-e-type=\"widget\" data-widget_type=\"ucaddon_card_carousel.default\">\n\t\t\t\t<div class=\"elementor-widget-container\">\n\t\t\t\t\t\n<!-- start Card Carousel -->\n\t\t<link id='font-awesome-css' href='https:\/\/autoserwisraczkowski.pl\/wp-content\/plugins\/unlimited-elements-for-elementor\/assets_libraries\/font-awesome6\/fontawesome-all.min.css' type='text\/css' rel='stylesheet' >\n\t\t<link id='font-awesome-4-shim-css' href='https:\/\/autoserwisraczkowski.pl\/wp-content\/plugins\/unlimited-elements-for-elementor\/assets_libraries\/font-awesome6\/fontawesome-v4-shims.min.css' type='text\/css' rel='stylesheet' >\n\t\t<link id='owl-carousel-css' href='https:\/\/autoserwisraczkowski.pl\/wp-content\/plugins\/unlimited-elements-for-elementor\/assets_libraries\/owl-carousel-new\/assets\/owl.carousel.css' type='text\/css' rel='stylesheet' >\n\n<style>\/* widget: Card Carousel *\/\n\n#uc_card_carousel_elementor_293ca7d *{\n\t-webkit-box-sizing: border-box;\n\t-moz-box-sizing: border-box;\n\tbox-sizing: border-box;\n}\n\n#uc_card_carousel_elementor_293ca7d .ue-carousel-item\n{\n  overflow:hidden;\n  transition:0.3s;\n}\n\n#uc_card_carousel_elementor_293ca7d .uc_classic_carousel_container_holder\n{\n\tdisplay:block;\n\tposition:relative;\n\twidth:100%;\n    box-sizing: border-box;\n}\n.card_carousel_title\n{\n\tfont-size:21px;\n}\n\n.uc_classic_carousel .uc_classic_carousel_border\n{\n\tdisplay:block;\n    margin:0 auto;\n}\n\n.uc_classic_carousel  .uc_classic_carousel_placeholder img\n{\n\twidth:100%;\n    \n    display:inline-flex;\n}\n.uc_classic_carousel .uc_classic_carousel_content\n{\n  display: flex;\n flex-flow: column nowrap;\n}\n\n.uc_classic_carousel .ue_button\n{\n  margin-top:auto;\n\n}\n\n.uc_classic_carousel .uc_classic_carousel_content .uc_more_btn {\n\tdisplay:inline-block;\n\ttext-decoration:none;\n\ttransition: all 0.5s ease;\n}\n\n\n#uc_card_carousel_elementor_293ca7d .owl-dots {\noverflow:hidden;\ntext-align:center;\n}\n\n#uc_card_carousel_elementor_293ca7d .owl-dot {\nborder-radius:50%;\ndisplay:inline-block;\n}\n\n#uc_card_carousel_elementor_293ca7d .owl-nav .owl-prev{\n    position:absolute;\n    display:inline-block;\n    text-align:center;\n}\n#uc_card_carousel_elementor_293ca7d .owl-nav .owl-next{\n  position:absolute;\n  display:inline-block;\n  text-align:center;\n}\n\n#uc_card_carousel_elementor_293ca7d .owl-nav .disabled\n{\n    display: none;  \n}\n\n\n#uc_card_carousel_elementor_293ca7d .ue-item-icon\n{\n  line-height:1em;\n  display:inline-flex;\n  justify-content:center;\n  align-items:center;\n  \n}\n\n#uc_card_carousel_elementor_293ca7d .ue-item-icon svg\n{\n  height:1em;\n  width:1em;\n}\n\n#uc_card_carousel_elementor_293ca7d .ue-item-icon-wrapper\n{\n  display:flex;\n}\n\n\n\n\n<\/style>\n\n<div class=\"uc_classic_carousel\" >\n        <div class=\"uc_carousel owl-carousel\" id=\"uc_card_carousel_elementor_293ca7d\" >\n          \t<div class=\"uc_classic_carousel_container_holder ue-item elementor-repeater-item-d41c8e1\">\n  <div class=\"ue-carousel-item\">\n      <div class=\"uc_classic_carousel_placeholder\">\n    <a href=\"http:\/\/autoserwisraczkowski.pl\/uk\/?page_id=424#1\" title=\"\u041f\u0415\u0420\u0415\u0412\u0406\u0420\u0418\u0422\u0418 \u0414\u0415\u0422\u0410\u041b\u0406\" >      <img fetchpriority=\"high\" decoding=\"async\" src=\"https:\/\/autoserwisraczkowski.pl\/wp-content\/uploads\/2022\/07\/xm.png.pagespeed.ic_.8lfdP8xhLI.png\" alt=\"xm.png.pagespeed.ic\" width=\"358\" height=\"281\" title=\"\">\n    <\/a>  <\/div>\n    <div class=\"uc_classic_carousel_content\" style=\"direction:ltr;\">\n    \n    \n        \n    \t\n    \n      \n    <p class=\"card_carousel_text\">\u041c\u0410\u0421\u041b\u041e\u041f\u0410\u041a\u0415\u0422\n<\/p>    \n    \n    \t\n    \n    \n    \t    <div class=\"ue_button\"><a class=\"uc_more_btn\" href=\"http:\/\/autoserwisraczkowski.pl\/uk\/?page_id=424#1\" title=\"\u041f\u0415\u0420\u0415\u0412\u0406\u0420\u0418\u0422\u0418 \u0414\u0415\u0422\u0410\u041b\u0406\" >\u041f\u0415\u0420\u0415\u0412\u0406\u0420\u0418\u0422\u0418 \u0414\u0415\u0422\u0410\u041b\u0406<\/a><\/div>\n    \t\n  <\/div>\n  <\/div>\n<\/div>\n<div class=\"uc_classic_carousel_container_holder ue-item elementor-repeater-item-24123dd\">\n  <div class=\"ue-carousel-item\">\n      <div class=\"uc_classic_carousel_placeholder\">\n    <a href=\"http:\/\/autoserwisraczkowski.pl\/uk\/?page_id=424#2\" title=\"\u041f\u0415\u0420\u0415\u0412\u0406\u0420\u0418\u0422\u0418 \u0414\u0415\u0422\u0410\u041b\u0406\" >      <img fetchpriority=\"high\" decoding=\"async\" src=\"https:\/\/autoserwisraczkowski.pl\/wp-content\/uploads\/2022\/07\/xm.png.pagespeed.ic_.8lfdP8xhLI.png\" alt=\"xm.png.pagespeed.ic\" width=\"358\" height=\"281\" title=\"\">\n    <\/a>  <\/div>\n    <div class=\"uc_classic_carousel_content\" style=\"direction:ltr;\">\n    \n    \n        \n    \t\n    \n      \n    <p class=\"card_carousel_text\">\u041c\u0410\u041b\u0415\u041d\u042c\u041a\u0418\u0419 \u041e\u0413\u041b\u042f\u0414 \u041f\u0410\u041a\u0415\u0422\u0423\n<\/p>    \n    \n    \t\n    \n    \n    \t    <div class=\"ue_button\"><a class=\"uc_more_btn\" href=\"http:\/\/autoserwisraczkowski.pl\/uk\/?page_id=424#2\" title=\"\u041f\u0415\u0420\u0415\u0412\u0406\u0420\u0418\u0422\u0418 \u0414\u0415\u0422\u0410\u041b\u0406\" >\u041f\u0415\u0420\u0415\u0412\u0406\u0420\u0418\u0422\u0418 \u0414\u0415\u0422\u0410\u041b\u0406<\/a><\/div>\n    \t\n  <\/div>\n  <\/div>\n<\/div>\n<div class=\"uc_classic_carousel_container_holder ue-item elementor-repeater-item-74bfebd\">\n  <div class=\"ue-carousel-item\">\n      <div class=\"uc_classic_carousel_placeholder\">\n    <a href=\"http:\/\/autoserwisraczkowski.pl\/uk\/?page_id=424#3\" title=\"\u041f\u0415\u0420\u0415\u0412\u0406\u0420\u0418\u0422\u0418 \u0414\u0415\u0422\u0410\u041b\u0406\" >      <img fetchpriority=\"high\" decoding=\"async\" src=\"https:\/\/autoserwisraczkowski.pl\/wp-content\/uploads\/2022\/07\/xm.png.pagespeed.ic_.8lfdP8xhLI.png\" alt=\"xm.png.pagespeed.ic\" width=\"358\" height=\"281\" title=\"\">\n    <\/a>  <\/div>\n    <div class=\"uc_classic_carousel_content\" style=\"direction:ltr;\">\n    \n    \n        \n    \t\n    \n      \n    <p class=\"card_carousel_text\">\u041f\u0410\u041a\u0415\u0422 \u0411\u0415\u0417\u041f\u0415\u0427\u041d\u0418\u0425 \u041f\u041e\u041a\u0423\u041f\u041e\u041a\n<\/p>    \n    \n    \t\n    \n    \n    \t    <div class=\"ue_button\"><a class=\"uc_more_btn\" href=\"http:\/\/autoserwisraczkowski.pl\/uk\/?page_id=424#3\" title=\"\u041f\u0415\u0420\u0415\u0412\u0406\u0420\u0418\u0422\u0418 \u0414\u0415\u0422\u0410\u041b\u0406\" >\u041f\u0415\u0420\u0415\u0412\u0406\u0420\u0418\u0422\u0418 \u0414\u0415\u0422\u0410\u041b\u0406<\/a><\/div>\n    \t\n  <\/div>\n  <\/div>\n<\/div>\n\n      <\/div>\n<\/div>\n<!-- end Card Carousel -->\t\t\t\t<\/div>\n\t\t\t\t<\/div>\n\t\t\t\t\t<\/div>\n\t\t<\/div>\n\t\t\t\t\t<\/div>\n\t\t<\/section>\n\t\t\t\t<section class=\"elementor-section elementor-top-section elementor-element elementor-element-811fdaf elementor-section-full_width elementor-section-height-default elementor-section-height-default\" data-id=\"811fdaf\" data-element_type=\"section\" data-e-type=\"section\">\n\t\t\t\t\t\t<div class=\"elementor-container elementor-column-gap-no\">\n\t\t\t\t\t<div class=\"elementor-column elementor-col-33 elementor-top-column elementor-element elementor-element-286cb24\" data-id=\"286cb24\" data-element_type=\"column\" data-e-type=\"column\">\n\t\t\t<div class=\"elementor-widget-wrap\">\n\t\t\t\t\t\t\t<\/div>\n\t\t<\/div>\n\t\t\t\t<div class=\"elementor-column elementor-col-33 elementor-top-column elementor-element elementor-element-62cebf9\" data-id=\"62cebf9\" data-element_type=\"column\" data-e-type=\"column\">\n\t\t\t<div class=\"elementor-widget-wrap elementor-element-populated\">\n\t\t\t\t\t\t<div class=\"elementor-element elementor-element-f5469ad elementor-widget elementor-widget-image\" data-id=\"f5469ad\" data-element_type=\"widget\" data-e-type=\"widget\" data-widget_type=\"image.default\">\n\t\t\t\t<div class=\"elementor-widget-container\">\n\t\t\t\t\t\t\t\t\t\t\t\t\t\t\t<img decoding=\"async\" width=\"100\" height=\"100\" src=\"https:\/\/autoserwisraczkowski.pl\/wp-content\/uploads\/2022\/07\/xmove-100x100.png.pagespeed.ic_.95qOPa3jIE-1.png\" class=\"attachment-large size-large wp-image-442\" alt=\"\" title=\"\">\t\t\t\t\t\t\t\t\t\t\t\t\t\t\t<\/div>\n\t\t\t\t<\/div>\n\t\t\t\t\t<\/div>\n\t\t<\/div>\n\t\t\t\t<div class=\"elementor-column elementor-col-33 elementor-top-column elementor-element elementor-element-84f6799\" data-id=\"84f6799\" data-element_type=\"column\" data-e-type=\"column\">\n\t\t\t<div class=\"elementor-widget-wrap\">\n\t\t\t\t\t\t\t<\/div>\n\t\t<\/div>\n\t\t\t\t\t<\/div>\n\t\t<\/section>\n\t\t\t\t<\/div>","protected":false},"excerpt":{"rendered":"<p>PAKIET OLEJOWY SPRAWD\u0179 SZCZEG\u00d3\u0141Y PAKIET MA\u0141Y PRZEGL\u0104D SPRAWD\u0179 SZCZEG\u00d3\u0141Y PAKIET BEZPIECZNY ZAKUP SPRAWD\u0179 SZCZEG\u00d3\u0141Y<\/p>","protected":false},"author":1,"featured_media":0,"parent":0,"menu_order":0,"comment_status":"closed","ping_status":"closed","template":"","meta":{"footnotes":""},"class_list":["post-228","page","type-page","status-publish","hentry"],"_links":{"self":[{"href":"https:\/\/autoserwisraczkowski.pl\/uk\/wp-json\/wp\/v2\/pages\/228","targetHints":{"allow":["GET"]}}],"collection":[{"href":"https:\/\/autoserwisraczkowski.pl\/uk\/wp-json\/wp\/v2\/pages"}],"about":[{"href":"https:\/\/autoserwisraczkowski.pl\/uk\/wp-json\/wp\/v2\/types\/page"}],"author":[{"embeddable":true,"href":"https:\/\/autoserwisraczkowski.pl\/uk\/wp-json\/wp\/v2\/users\/1"}],"replies":[{"embeddable":true,"href":"https:\/\/autoserwisraczkowski.pl\/uk\/wp-json\/wp\/v2\/comments?post=228"}],"version-history":[{"count":50,"href":"https:\/\/autoserwisraczkowski.pl\/uk\/wp-json\/wp\/v2\/pages\/228\/revisions"}],"predecessor-version":[{"id":505,"href":"https:\/\/autoserwisraczkowski.pl\/uk\/wp-json\/wp\/v2\/pages\/228\/revisions\/505"}],"wp:attachment":[{"href":"https:\/\/autoserwisraczkowski.pl\/uk\/wp-json\/wp\/v2\/media?parent=228"}],"curies":[{"name":"wp","href":"https:\/\/api.w.org\/{rel}","templated":true}]}}