{"id":4335,"date":"2025-01-15T11:19:11","date_gmt":"2025-01-15T10:19:11","guid":{"rendered":"https:\/\/autoserwisraczkowski.pl\/?page_id=4335"},"modified":"2025-01-15T11:45:22","modified_gmt":"2025-01-15T10:45:22","slug":"reemplazo-del-filtro-de-aire-kielce","status":"publish","type":"page","link":"https:\/\/autoserwisraczkowski.pl\/es\/reemplazo-del-filtro-de-aire-kielce\/","title":{"rendered":"Reemplazo del filtro de aire"},"content":{"rendered":"\t\t<div data-elementor-type=\"wp-page\" data-elementor-id=\"4335\" class=\"elementor elementor-4335\" data-elementor-post-type=\"page\">\n\t\t\t\t\t\t<section class=\"elementor-section elementor-top-section elementor-element elementor-element-bda64b8 elementor-section-boxed elementor-section-height-default elementor-section-height-default\" data-id=\"bda64b8\" data-element_type=\"section\" data-e-type=\"section\">\n\t\t\t\t\t\t<div class=\"elementor-container elementor-column-gap-default\">\n\t\t\t\t\t<div class=\"elementor-column elementor-col-100 elementor-top-column elementor-element elementor-element-7c774ad\" data-id=\"7c774ad\" data-element_type=\"column\" data-e-type=\"column\">\n\t\t\t<div class=\"elementor-widget-wrap elementor-element-populated\">\n\t\t\t\t\t\t<div class=\"elementor-element elementor-element-a20af4c elementor-widget elementor-widget-heading\" data-id=\"a20af4c\" data-element_type=\"widget\" data-e-type=\"widget\" data-widget_type=\"heading.default\">\n\t\t\t\t<div class=\"elementor-widget-container\">\n\t\t\t\t\t<h1 class=\"elementor-heading-title elementor-size-default\">Wymiana filtra powietrza\n<\/h1>\t\t\t\t<\/div>\n\t\t\t\t<\/div>\n\t\t\t\t\t<\/div>\n\t\t<\/div>\n\t\t\t\t\t<\/div>\n\t\t<\/section>\n\t\t\t\t<section class=\"elementor-section elementor-top-section elementor-element elementor-element-55e7c21 elementor-section-full_width elementor-section-stretched 1 elementor-section-height-default elementor-section-height-default\" data-id=\"55e7c21\" data-element_type=\"section\" data-e-type=\"section\" data-settings=\"{&quot;stretch_section&quot;:&quot;section-stretched&quot;}\">\n\t\t\t\t\t\t<div class=\"elementor-container elementor-column-gap-no\">\n\t\t\t\t\t<div class=\"elementor-column elementor-col-50 elementor-top-column elementor-element elementor-element-77512bb\" data-id=\"77512bb\" data-element_type=\"column\" data-e-type=\"column\">\n\t\t\t<div class=\"elementor-widget-wrap elementor-element-populated\">\n\t\t\t\t\t\t<div class=\"elementor-element elementor-element-3f9b023 elementor-widget elementor-widget-image\" data-id=\"3f9b023\" data-element_type=\"widget\" data-e-type=\"widget\" data-widget_type=\"image.default\">\n\t\t\t\t<div class=\"elementor-widget-container\">\n\t\t\t\t\t\t\t\t\t\t\t\t\t\t\t<img fetchpriority=\"high\" decoding=\"async\" width=\"560\" height=\"400\" src=\"https:\/\/autoserwisraczkowski.pl\/wp-content\/uploads\/2022\/08\/Untitled-design-2022-08-01T220236.482.png\" class=\"attachment-full size-full wp-image-532\" alt=\"cleaning\" srcset=\"https:\/\/autoserwisraczkowski.pl\/wp-content\/uploads\/2022\/08\/Untitled-design-2022-08-01T220236.482.png 560w, https:\/\/autoserwisraczkowski.pl\/wp-content\/uploads\/2022\/08\/Untitled-design-2022-08-01T220236.482-300x214.png 300w\" sizes=\"(max-width: 560px) 100vw, 560px\" title=\"\">\t\t\t\t\t\t\t\t\t\t\t\t\t\t\t<\/div>\n\t\t\t\t<\/div>\n\t\t\t\t\t<\/div>\n\t\t<\/div>\n\t\t\t\t<div class=\"elementor-column elementor-col-50 elementor-top-column elementor-element elementor-element-f60a9f7\" data-id=\"f60a9f7\" data-element_type=\"column\" data-e-type=\"column\">\n\t\t\t<div class=\"elementor-widget-wrap elementor-element-populated\">\n\t\t\t\t\t\t<div class=\"elementor-element elementor-element-915f6eb elementor-widget elementor-widget-spacer\" data-id=\"915f6eb\" data-element_type=\"widget\" data-e-type=\"widget\" data-widget_type=\"spacer.default\">\n\t\t\t\t<div class=\"elementor-widget-container\">\n\t\t\t\t\t\t\t<div class=\"elementor-spacer\">\n\t\t\t<div class=\"elementor-spacer-inner\"><\/div>\n\t\t<\/div>\n\t\t\t\t\t\t<\/div>\n\t\t\t\t<\/div>\n\t\t\t\t<div class=\"elementor-element elementor-element-65f2041 elementor-widget elementor-widget-heading\" data-id=\"65f2041\" data-element_type=\"widget\" data-e-type=\"widget\" data-widget_type=\"heading.default\">\n\t\t\t\t<div class=\"elementor-widget-container\">\n\t\t\t\t\t<h2 class=\"elementor-heading-title elementor-size-default\">Wymiana filtra powietrza <\/h2>\t\t\t\t<\/div>\n\t\t\t\t<\/div>\n\t\t\t\t<div class=\"elementor-element elementor-element-3028faa elementor-widget elementor-widget-text-editor\" data-id=\"3028faa\" data-element_type=\"widget\" data-e-type=\"widget\" data-widget_type=\"text-editor.default\">\n\t\t\t\t<div class=\"elementor-widget-container\">\n\t\t\t\t\t\t\t\t\t<p><span style=\"font-weight: 400;\">Filtr powietrza w samochodzie odgrywa kluczow\u0105 rol\u0119 w utrzymaniu prawid\u0142owego dzia\u0142ania silnika i optymalnej wydajno\u015bci pojazdu. Jego zadaniem jest oczyszczanie powietrza dostarczanego do jednostki nap\u0119dowej z kurzu, py\u0142u, li\u015bci oraz innych zanieczyszcze\u0144. W Auto Serwis Raczkowski oferujemy profesjonaln\u0105 wymian\u0119 filtra powietrza, kt\u00f3ra zapewni Twojemu samochodowi d\u0142ugotrwa\u0142\u0105 sprawno\u015b\u0107 i oszcz\u0119dno\u015b\u0107 paliwa.\u00a0 <\/span><\/p>\t\t\t\t\t\t\t\t<\/div>\n\t\t\t\t<\/div>\n\t\t\t\t\t<\/div>\n\t\t<\/div>\n\t\t\t\t\t<\/div>\n\t\t<\/section>\n\t\t\t\t<section class=\"elementor-section elementor-top-section elementor-element elementor-element-e81aecb elementor-section-full_width elementor-section-stretched 1 elementor-section-height-default elementor-section-height-default\" data-id=\"e81aecb\" data-element_type=\"section\" data-e-type=\"section\" data-settings=\"{&quot;stretch_section&quot;:&quot;section-stretched&quot;}\">\n\t\t\t\t\t\t<div class=\"elementor-container elementor-column-gap-no\">\n\t\t\t\t\t<div class=\"elementor-column elementor-col-50 elementor-top-column elementor-element elementor-element-ba7e5d3\" data-id=\"ba7e5d3\" data-element_type=\"column\" data-e-type=\"column\">\n\t\t\t<div class=\"elementor-widget-wrap elementor-element-populated\">\n\t\t\t\t\t\t<div class=\"elementor-element elementor-element-d22c290 elementor-widget elementor-widget-image\" data-id=\"d22c290\" data-element_type=\"widget\" data-e-type=\"widget\" data-widget_type=\"image.default\">\n\t\t\t\t<div class=\"elementor-widget-container\">\n\t\t\t\t\t\t\t\t\t\t\t\t\t\t\t<img decoding=\"async\" width=\"1224\" height=\"816\" src=\"https:\/\/autoserwisraczkowski.pl\/wp-content\/uploads\/2025\/01\/steptodowncom874495.jpg\" class=\"attachment-full size-full wp-image-4346\" alt=\"\" srcset=\"https:\/\/autoserwisraczkowski.pl\/wp-content\/uploads\/2025\/01\/steptodowncom874495.jpg 1224w, https:\/\/autoserwisraczkowski.pl\/wp-content\/uploads\/2025\/01\/steptodowncom874495-300x200.jpg 300w, https:\/\/autoserwisraczkowski.pl\/wp-content\/uploads\/2025\/01\/steptodowncom874495-1024x683.jpg 1024w, https:\/\/autoserwisraczkowski.pl\/wp-content\/uploads\/2025\/01\/steptodowncom874495-768x512.jpg 768w, https:\/\/autoserwisraczkowski.pl\/wp-content\/uploads\/2025\/01\/steptodowncom874495-18x12.jpg 18w\" sizes=\"(max-width: 1224px) 100vw, 1224px\" title=\"\">\t\t\t\t\t\t\t\t\t\t\t\t\t\t\t<\/div>\n\t\t\t\t<\/div>\n\t\t\t\t\t<\/div>\n\t\t<\/div>\n\t\t\t\t<div class=\"elementor-column elementor-col-50 elementor-top-column elementor-element elementor-element-9f101be\" data-id=\"9f101be\" data-element_type=\"column\" data-e-type=\"column\">\n\t\t\t<div class=\"elementor-widget-wrap elementor-element-populated\">\n\t\t\t\t\t\t<div class=\"elementor-element elementor-element-93c15bd elementor-widget elementor-widget-heading\" data-id=\"93c15bd\" data-element_type=\"widget\" data-e-type=\"widget\" data-widget_type=\"heading.default\">\n\t\t\t\t<div class=\"elementor-widget-container\">\n\t\t\t\t\t<h2 class=\"elementor-heading-title elementor-size-default\">Dlaczego wymiana filtra powietrza jest wa\u017cna  <\/h2>\t\t\t\t<\/div>\n\t\t\t\t<\/div>\n\t\t\t\t<div class=\"elementor-element elementor-element-25e83a4 elementor-widget elementor-widget-text-editor\" data-id=\"25e83a4\" data-element_type=\"widget\" data-e-type=\"widget\" data-widget_type=\"text-editor.default\">\n\t\t\t\t<div class=\"elementor-widget-container\">\n\t\t\t\t\t\t\t\t\t<p>Czysty filtr powietrza ma bezpo\u015bredni wp\u0142yw na wydajno\u015b\u0107 i \u017cywotno\u015b\u0107 silnika. Zanieczyszczony lub zu\u017cyty filtr ogranicza przep\u0142yw powietrza, co mo\u017ce prowadzi\u0107 do zmniejszenia mocy, wi\u0119kszego zu\u017cycia paliwa, a nawet uszkodze\u0144 silnika. Regularna wymiana filtra powietrza zapewnia:<\/p><p>lepsz\u0105 wydajno\u015b\u0107 silnika dzi\u0119ki odpowiedniej ilo\u015bci powietrza dostarczanego do spalania,<\/p><p>ni\u017csze zu\u017cycie paliwa, co przek\u0142ada si\u0119 na oszcz\u0119dno\u015bci,<\/p><p>ochron\u0119 silnika przed uszkodzeniami spowodowanymi przez zanieczyszczenia,<\/p><p>popraw\u0119 jako\u015bci emisji spalin, dzi\u0119ki czemu pojazd spe\u0142nia normy \u015brodowiskowe.<\/p>\t\t\t\t\t\t\t\t<\/div>\n\t\t\t\t<\/div>\n\t\t\t\t\t<\/div>\n\t\t<\/div>\n\t\t\t\t\t<\/div>\n\t\t<\/section>\n\t\t\t\t<section class=\"elementor-section elementor-top-section elementor-element elementor-element-138a85b elementor-section-full_width elementor-section-stretched 1 elementor-section-height-default elementor-section-height-default\" data-id=\"138a85b\" data-element_type=\"section\" data-e-type=\"section\" data-settings=\"{&quot;stretch_section&quot;:&quot;section-stretched&quot;}\">\n\t\t\t\t\t\t<div class=\"elementor-container elementor-column-gap-no\">\n\t\t\t\t\t<div class=\"elementor-column elementor-col-50 elementor-top-column elementor-element elementor-element-da48984\" data-id=\"da48984\" data-element_type=\"column\" data-e-type=\"column\">\n\t\t\t<div class=\"elementor-widget-wrap elementor-element-populated\">\n\t\t\t\t\t\t<div class=\"elementor-element elementor-element-0bfb0d8 elementor-widget elementor-widget-image\" data-id=\"0bfb0d8\" data-element_type=\"widget\" data-e-type=\"widget\" data-widget_type=\"image.default\">\n\t\t\t\t<div class=\"elementor-widget-container\">\n\t\t\t\t\t\t\t\t\t\t\t\t\t\t\t<img decoding=\"async\" width=\"1080\" height=\"1080\" src=\"https:\/\/autoserwisraczkowski.pl\/wp-content\/uploads\/2022\/08\/Untitled-design-2022-08-02T152437.054.png\" class=\"attachment-full size-full wp-image-539\" alt=\"\" srcset=\"https:\/\/autoserwisraczkowski.pl\/wp-content\/uploads\/2022\/08\/Untitled-design-2022-08-02T152437.054.png 1080w, https:\/\/autoserwisraczkowski.pl\/wp-content\/uploads\/2022\/08\/Untitled-design-2022-08-02T152437.054-300x300.png 300w, https:\/\/autoserwisraczkowski.pl\/wp-content\/uploads\/2022\/08\/Untitled-design-2022-08-02T152437.054-1024x1024.png 1024w, https:\/\/autoserwisraczkowski.pl\/wp-content\/uploads\/2022\/08\/Untitled-design-2022-08-02T152437.054-150x150.png 150w, https:\/\/autoserwisraczkowski.pl\/wp-content\/uploads\/2022\/08\/Untitled-design-2022-08-02T152437.054-768x768.png 768w\" sizes=\"(max-width: 1080px) 100vw, 1080px\" title=\"\">\t\t\t\t\t\t\t\t\t\t\t\t\t\t\t<\/div>\n\t\t\t\t<\/div>\n\t\t\t\t\t<\/div>\n\t\t<\/div>\n\t\t\t\t<div class=\"elementor-column elementor-col-50 elementor-top-column elementor-element elementor-element-23aa5de\" data-id=\"23aa5de\" data-element_type=\"column\" data-e-type=\"column\">\n\t\t\t<div class=\"elementor-widget-wrap elementor-element-populated\">\n\t\t\t\t\t\t<div class=\"elementor-element elementor-element-febb0ba elementor-widget elementor-widget-heading\" data-id=\"febb0ba\" data-element_type=\"widget\" data-e-type=\"widget\" data-widget_type=\"heading.default\">\n\t\t\t\t<div class=\"elementor-widget-container\">\n\t\t\t\t\t<h2 class=\"elementor-heading-title elementor-size-default\">Kiedy nale\u017cy wymieni\u0107 filtr powietrza <\/h2>\t\t\t\t<\/div>\n\t\t\t\t<\/div>\n\t\t\t\t<div class=\"elementor-element elementor-element-4ca2092 elementor-widget elementor-widget-text-editor\" data-id=\"4ca2092\" data-element_type=\"widget\" data-e-type=\"widget\" data-widget_type=\"text-editor.default\">\n\t\t\t\t<div class=\"elementor-widget-container\">\n\t\t\t\t\t\t\t\t\t<p>Filtr powietrza powinien by\u0107 wymieniany zgodnie z zaleceniami producenta pojazdu, zazwyczaj co 15 000\u201330 000 kilometr\u00f3w. W przypadku jazdy w trudniejszych warunkach, takich jak drogi szutrowe, tereny o du\u017cym zapyleniu lub intensywna eksploatacja w mie\u015bcie, wymiana mo\u017ce by\u0107 konieczna cz\u0119\u015bciej. Objawy zu\u017cycia filtra powietrza to:<\/p><p>spadek mocy silnika,<\/p><p>zwi\u0119kszone zu\u017cycie paliwa,<\/p><p>trudno\u015bci z uruchomieniem pojazdu,<\/p><p>niepokoj\u0105ce dymienie z uk\u0142adu wydechowego. <\/p>\t\t\t\t\t\t\t\t<\/div>\n\t\t\t\t<\/div>\n\t\t\t\t<div class=\"elementor-element elementor-element-efe554f elementor-widget elementor-widget-heading\" data-id=\"efe554f\" data-element_type=\"widget\" data-e-type=\"widget\" data-widget_type=\"heading.default\">\n\t\t\t\t<div class=\"elementor-widget-container\">\n\t\t\t\t\t<h2 class=\"elementor-heading-title elementor-size-default\">\nJak przebiega wymiana filtra powietrza w Auto Serwis Raczkowski  \n<\/h2>\t\t\t\t<\/div>\n\t\t\t\t<\/div>\n\t\t\t\t<div class=\"elementor-element elementor-element-13d8efc elementor-widget elementor-widget-text-editor\" data-id=\"13d8efc\" data-element_type=\"widget\" data-e-type=\"widget\" data-widget_type=\"text-editor.default\">\n\t\t\t\t<div class=\"elementor-widget-container\">\n\t\t\t\t\t\t\t\t\t<p>W naszym serwisie wymiana filtra powietrza jest szybka, precyzyjna i bezproblemowa. Proces obejmuje:<\/p><p>lokalizacj\u0119 obudowy filtra powietrza w Twoim poje\u017adzie,<\/p><p>demonta\u017c zu\u017cytego filtra i kontrol\u0119 jego stanu,<\/p><p>monta\u017c nowego, wysokiej jako\u015bci filtra powietrza,<\/p><p>kontrol\u0119 szczelno\u015bci obudowy i uk\u0142adu dolotowego.<\/p>\t\t\t\t\t\t\t\t<\/div>\n\t\t\t\t<\/div>\n\t\t\t\t\t<\/div>\n\t\t<\/div>\n\t\t\t\t\t<\/div>\n\t\t<\/section>\n\t\t\t\t<section class=\"elementor-section elementor-top-section elementor-element elementor-element-9ee4ac1 elementor-section-full_width elementor-section-stretched 1 elementor-section-height-default elementor-section-height-default\" data-id=\"9ee4ac1\" data-element_type=\"section\" data-e-type=\"section\" data-settings=\"{&quot;stretch_section&quot;:&quot;section-stretched&quot;}\">\n\t\t\t\t\t\t<div class=\"elementor-container elementor-column-gap-no\">\n\t\t\t\t\t<div class=\"elementor-column elementor-col-50 elementor-top-column elementor-element elementor-element-1954899\" data-id=\"1954899\" data-element_type=\"column\" data-e-type=\"column\">\n\t\t\t<div class=\"elementor-widget-wrap elementor-element-populated\">\n\t\t\t\t\t\t<div class=\"elementor-element elementor-element-13f9952 elementor-widget elementor-widget-image\" data-id=\"13f9952\" data-element_type=\"widget\" data-e-type=\"widget\" data-widget_type=\"image.default\">\n\t\t\t\t<div class=\"elementor-widget-container\">\n\t\t\t\t\t\t\t\t\t\t\t\t\t\t\t<img loading=\"lazy\" decoding=\"async\" width=\"1080\" height=\"720\" src=\"https:\/\/autoserwisraczkowski.pl\/wp-content\/uploads\/2022\/07\/Untitled-design-2022-07-30T025508.877-1.png\" class=\"attachment-full size-full wp-image-107\" alt=\"\" srcset=\"https:\/\/autoserwisraczkowski.pl\/wp-content\/uploads\/2022\/07\/Untitled-design-2022-07-30T025508.877-1.png 1080w, https:\/\/autoserwisraczkowski.pl\/wp-content\/uploads\/2022\/07\/Untitled-design-2022-07-30T025508.877-1-300x200.png 300w, https:\/\/autoserwisraczkowski.pl\/wp-content\/uploads\/2022\/07\/Untitled-design-2022-07-30T025508.877-1-1024x683.png 1024w, https:\/\/autoserwisraczkowski.pl\/wp-content\/uploads\/2022\/07\/Untitled-design-2022-07-30T025508.877-1-768x512.png 768w\" sizes=\"(max-width: 1080px) 100vw, 1080px\" title=\"\">\t\t\t\t\t\t\t\t\t\t\t\t\t\t\t<\/div>\n\t\t\t\t<\/div>\n\t\t\t\t\t<\/div>\n\t\t<\/div>\n\t\t\t\t<div class=\"elementor-column elementor-col-50 elementor-top-column elementor-element elementor-element-4e7e348\" data-id=\"4e7e348\" data-element_type=\"column\" data-e-type=\"column\">\n\t\t\t<div class=\"elementor-widget-wrap elementor-element-populated\">\n\t\t\t\t\t\t<div class=\"elementor-element elementor-element-8b22cba elementor-widget elementor-widget-heading\" data-id=\"8b22cba\" data-element_type=\"widget\" data-e-type=\"widget\" data-widget_type=\"heading.default\">\n\t\t\t\t<div class=\"elementor-widget-container\">\n\t\t\t\t\t<h2 class=\"elementor-heading-title elementor-size-default\">Dlaczego warto wybra\u0107 nasz serwis  <\/h2>\t\t\t\t<\/div>\n\t\t\t\t<\/div>\n\t\t\t\t<div class=\"elementor-element elementor-element-7f06877 elementor-widget elementor-widget-text-editor\" data-id=\"7f06877\" data-element_type=\"widget\" data-e-type=\"widget\" data-widget_type=\"text-editor.default\">\n\t\t\t\t<div class=\"elementor-widget-container\">\n\t\t\t\t\t\t\t\t\t<p><span style=\"font-weight: 400;\">W Auto Serwis Raczkowski zapewniamy profesjonalne podej\u015bcie, korzystamy z wysokiej jako\u015bci cz\u0119\u015bci zamiennych i dbamy o ka\u017cdy szczeg\u00f3\u0142. Dzi\u0119ki do\u015bwiadczeniu naszego zespo\u0142u mo\u017cesz mie\u0107 pewno\u015b\u0107, \u017ce Tw\u00f3j samoch\u00f3d b\u0119dzie dzia\u0142a\u0142 niezawodnie, a silnik b\u0119dzie chroniony przed szkodliwymi zanieczyszczeniami.\u00a0 <\/span><\/p>\t\t\t\t\t\t\t\t<\/div>\n\t\t\t\t<\/div>\n\t\t\t\t\t<\/div>\n\t\t<\/div>\n\t\t\t\t\t<\/div>\n\t\t<\/section>\n\t\t\t\t<section class=\"elementor-section elementor-top-section elementor-element elementor-element-7cdab17 elementor-section-boxed elementor-section-height-default elementor-section-height-default\" data-id=\"7cdab17\" data-element_type=\"section\" data-e-type=\"section\">\n\t\t\t\t\t\t<div class=\"elementor-container elementor-column-gap-default\">\n\t\t\t\t\t<div class=\"elementor-column elementor-col-50 elementor-top-column elementor-element elementor-element-73eeda1\" data-id=\"73eeda1\" data-element_type=\"column\" data-e-type=\"column\">\n\t\t\t<div class=\"elementor-widget-wrap elementor-element-populated\">\n\t\t\t\t\t\t<div class=\"elementor-element elementor-element-375ff07 elementor-widget elementor-widget-heading\" data-id=\"375ff07\" data-element_type=\"widget\" data-e-type=\"widget\" data-widget_type=\"heading.default\">\n\t\t\t\t<div class=\"elementor-widget-container\">\n\t\t\t\t\t<h2 class=\"elementor-heading-title elementor-size-default\">Zapraszamy na wymian\u0119 filtra powietrza  <\/h2>\t\t\t\t<\/div>\n\t\t\t\t<\/div>\n\t\t\t\t<div class=\"elementor-element elementor-element-cd58c71 elementor-widget elementor-widget-text-editor\" data-id=\"cd58c71\" data-element_type=\"widget\" data-e-type=\"widget\" data-widget_type=\"text-editor.default\">\n\t\t\t\t<div class=\"elementor-widget-container\">\n\t\t\t\t\t\t\t\t\t<p>\u00a0<\/p><p><span style=\"font-weight: 400;\">Regularna wymiana filtra powietrza to prosta, ale niezwykle wa\u017cna czynno\u015b\u0107 serwisowa, kt\u00f3ra pozwala utrzyma\u0107 Tw\u00f3j pojazd w doskona\u0142ej kondycji. Zapraszamy do Auto Serwis Raczkowski, gdzie zadbamy o Tw\u00f3j samoch\u00f3d z najwi\u0119ksz\u0105 staranno\u015bci\u0105. Skontaktuj si\u0119 z nami i um\u00f3w wizyt\u0119 ju\u017c dzi\u015b.<\/span><\/p>\t\t\t\t\t\t\t\t<\/div>\n\t\t\t\t<\/div>\n\t\t\t\t\t<\/div>\n\t\t<\/div>\n\t\t\t\t<div class=\"elementor-column elementor-col-50 elementor-top-column elementor-element elementor-element-042e55f\" data-id=\"042e55f\" data-element_type=\"column\" data-e-type=\"column\">\n\t\t\t<div class=\"elementor-widget-wrap elementor-element-populated\">\n\t\t\t\t\t\t<div class=\"elementor-element elementor-element-4190791 elementor-button-align-stretch elementor-widget elementor-widget-form\" data-id=\"4190791\" data-element_type=\"widget\" data-e-type=\"widget\" data-settings=\"{&quot;step_next_label&quot;:&quot;Next&quot;,&quot;step_previous_label&quot;:&quot;Previous&quot;,&quot;button_width&quot;:&quot;100&quot;,&quot;step_type&quot;:&quot;number_text&quot;,&quot;step_icon_shape&quot;:&quot;circle&quot;}\" data-widget_type=\"form.default\">\n\t\t\t\t<div class=\"elementor-widget-container\">\n\t\t\t\t\t\t\t<form class=\"elementor-form\" method=\"post\" name=\"New Form\" aria-label=\"New Form\">\n\t\t\t<input type=\"hidden\" name=\"post_id\" value=\"4335\"\/>\n\t\t\t<input type=\"hidden\" name=\"form_id\" value=\"4190791\"\/>\n\t\t\t<input type=\"hidden\" name=\"referer_title\" value=\"Wymiana filtra powietrza &#045; Auto Serwis Kielce | Mechanika pojazdowa\" \/>\n\n\t\t\t\t\t\t\t<input type=\"hidden\" name=\"queried_id\" value=\"4335\"\/>\n\t\t\t\n\t\t\t<div class=\"elementor-form-fields-wrapper elementor-labels-above\">\n\t\t\t\t\t\t\t\t<div class=\"elementor-field-type-text elementor-field-group elementor-column elementor-field-group-name elementor-col-50\">\n\t\t\t\t\t\t\t\t\t\t\t\t<label for=\"form-field-name\" class=\"elementor-field-label\">\n\t\t\t\t\t\t\t\t \t\t\t\t\t\t\t<\/label>\n\t\t\t\t\t\t\t\t\t\t\t\t\t\t<input size=\"1\" type=\"text\" name=\"form_fields[name]\" id=\"form-field-name\" class=\"elementor-field elementor-size-sm  elementor-field-textual\" placeholder=\"Imi\u0119\">\n\t\t\t\t\t\t\t\t\t\t\t<\/div>\n\t\t\t\t\t\t\t\t<div class=\"elementor-field-type-tel elementor-field-group elementor-column elementor-field-group-email elementor-col-50 elementor-field-required\">\n\t\t\t\t\t\t\t<input size=\"1\" type=\"tel\" name=\"form_fields[email]\" id=\"form-field-email\" class=\"elementor-field elementor-size-sm  elementor-field-textual\" placeholder=\"Numer telefonu\" required=\"required\" pattern=\"[0-9()#&amp;+*-=.]+\" title=\"\u041f\u0440\u0438\u0439\u043c\u0430\u044e\u0442\u044c\u0441\u044f \u043b\u0438\u0448\u0435 \u0446\u0438\u0444\u0440\u0438 \u0442\u0430 \u0442\u0435\u043b\u0435\u0444\u043e\u043d\u043d\u0456 \u0441\u0438\u043c\u0432\u043e\u043b\u0438 (#, -, * \u0442\u043e\u0449\u043e).\">\n\n\t\t\t\t\t\t<\/div>\n\t\t\t\t\t\t\t\t<div class=\"elementor-field-type-email elementor-field-group elementor-column elementor-field-group-message elementor-col-50\">\n\t\t\t\t\t\t\t\t\t\t\t\t<label for=\"form-field-message\" class=\"elementor-field-label\">\n\t\t\t\t\t\t\t\t \t\t\t\t\t\t\t<\/label>\n\t\t\t\t\t\t\t\t\t\t\t\t\t\t<input size=\"1\" type=\"email\" name=\"form_fields[message]\" id=\"form-field-message\" class=\"elementor-field elementor-size-sm  elementor-field-textual\" placeholder=\"Email\">\n\t\t\t\t\t\t\t\t\t\t\t<\/div>\n\t\t\t\t\t\t\t\t<div class=\"elementor-field-type-text elementor-field-group elementor-column elementor-field-group-field_1c1f64e elementor-col-50\">\n\t\t\t\t\t\t\t\t\t\t\t\t\t<input size=\"1\" type=\"text\" name=\"form_fields[field_1c1f64e]\" id=\"form-field-field_1c1f64e\" class=\"elementor-field elementor-size-sm  elementor-field-textual\" placeholder=\"PRIZEPIC KOD\">\n\t\t\t\t\t\t\t\t\t\t\t<\/div>\n\t\t\t\t\t\t\t\t<div class=\"elementor-field-type-textarea elementor-field-group elementor-column elementor-field-group-field_2b783f7 elementor-col-100\">\n\t\t\t\t\t<textarea class=\"elementor-field-textual elementor-field  elementor-size-sm\" name=\"form_fields[field_2b783f7]\" id=\"form-field-field_2b783f7\" rows=\"4\" placeholder=\"W jaki spos\u00f3b mo\u017cemy Ci pom\u00f3c?\"><\/textarea>\t\t\t\t<\/div>\n\t\t\t\t\t\t\t\t<div class=\"elementor-field-type-acceptance elementor-field-group elementor-column elementor-field-group-field_38e8506 elementor-col-100\">\n\t\t\t\t\t\t\t<div class=\"elementor-field-subgroup\">\n\t\t\t<span class=\"elementor-field-option\">\n\t\t\t\t<input type=\"checkbox\" name=\"form_fields[field_38e8506]\" id=\"form-field-field_38e8506\" class=\"elementor-field elementor-size-sm  elementor-acceptance-field\">\n\t\t\t\t<label for=\"form-field-field_38e8506\">Wyra\u017cam zgod\u0119 na zbieranie danych przez Auto Serwis Raczkowski.<\/label>\t\t\t<\/span>\n\t\t<\/div>\n\t\t\t\t\t\t<\/div>\n\t\t\t\t\t\t\t\t<div class=\"elementor-field-group elementor-column elementor-field-type-submit elementor-col-100 e-form__buttons\">\n\t\t\t\t\t<button class=\"elementor-button elementor-size-sm\" type=\"submit\">\n\t\t\t\t\t\t<span class=\"elementor-button-content-wrapper\">\n\t\t\t\t\t\t\t\t\t\t\t\t\t\t\t\t\t\t\t\t\t\t<span class=\"elementor-button-text\">Wy\u015blij<\/span>\n\t\t\t\t\t\t\t\t\t\t\t\t\t<\/span>\n\t\t\t\t\t<\/button>\n\t\t\t\t<\/div>\n\t\t\t<\/div>\n\t\t<\/form>\n\t\t\t\t\t\t<\/div>\n\t\t\t\t<\/div>\n\t\t\t\t\t<\/div>\n\t\t<\/div>\n\t\t\t\t\t<\/div>\n\t\t<\/section>\n\t\t\t\t<\/div>\n\t\t","protected":false},"excerpt":{"rendered":"<p>Wymiana filtra powietrza Wymiana filtra powietrza Filtr powietrza w samochodzie odgrywa kluczow\u0105 rol\u0119 w utrzymaniu prawid\u0142owego dzia\u0142ania silnika i optymalnej wydajno\u015bci pojazdu. Jego zadaniem jest oczyszczanie powietrza dostarczanego do jednostki nap\u0119dowej z kurzu, py\u0142u, li\u015bci oraz innych zanieczyszcze\u0144. W Auto Serwis Raczkowski oferujemy profesjonaln\u0105 wymian\u0119 filtra powietrza, kt\u00f3ra zapewni Twojemu samochodowi d\u0142ugotrwa\u0142\u0105 sprawno\u015b\u0107 i oszcz\u0119dno\u015b\u0107 [&hellip;]<\/p>\n","protected":false},"author":2,"featured_media":0,"parent":0,"menu_order":0,"comment_status":"closed","ping_status":"closed","template":"elementor_header_footer","meta":{"footnotes":""},"class_list":["post-4335","page","type-page","status-publish","hentry"],"_links":{"self":[{"href":"https:\/\/autoserwisraczkowski.pl\/es\/wp-json\/wp\/v2\/pages\/4335","targetHints":{"allow":["GET"]}}],"collection":[{"href":"https:\/\/autoserwisraczkowski.pl\/es\/wp-json\/wp\/v2\/pages"}],"about":[{"href":"https:\/\/autoserwisraczkowski.pl\/es\/wp-json\/wp\/v2\/types\/page"}],"author":[{"embeddable":true,"href":"https:\/\/autoserwisraczkowski.pl\/es\/wp-json\/wp\/v2\/users\/2"}],"replies":[{"embeddable":true,"href":"https:\/\/autoserwisraczkowski.pl\/es\/wp-json\/wp\/v2\/comments?post=4335"}],"version-history":[{"count":7,"href":"https:\/\/autoserwisraczkowski.pl\/es\/wp-json\/wp\/v2\/pages\/4335\/revisions"}],"predecessor-version":[{"id":4349,"href":"https:\/\/autoserwisraczkowski.pl\/es\/wp-json\/wp\/v2\/pages\/4335\/revisions\/4349"}],"wp:attachment":[{"href":"https:\/\/autoserwisraczkowski.pl\/es\/wp-json\/wp\/v2\/media?parent=4335"}],"curies":[{"name":"wp","href":"https:\/\/api.w.org\/{rel}","templated":true}]}}