{"id":4212,"date":"2025-01-10T08:23:26","date_gmt":"2025-01-10T07:23:26","guid":{"rendered":"https:\/\/autoserwisraczkowski.pl\/?page_id=4212"},"modified":"2025-01-10T08:57:47","modified_gmt":"2025-01-10T07:57:47","slug":"reparaciones-de-coches-actuales-kielce","status":"publish","type":"page","link":"https:\/\/autoserwisraczkowski.pl\/es\/reparaciones-de-coches-actuales-kielce\/","title":{"rendered":"REPARACIONES ACTUALES \u2013 SERVICIO DE AUTOM\u00d3VILES RACZKOWSKI"},"content":{"rendered":"\t\t<div data-elementor-type=\"wp-page\" data-elementor-id=\"4212\" class=\"elementor elementor-4212\" data-elementor-post-type=\"page\">\n\t\t\t\t\t\t<section class=\"elementor-section elementor-top-section elementor-element elementor-element-015bfe8 elementor-section-boxed elementor-section-height-default elementor-section-height-default\" data-id=\"015bfe8\" data-element_type=\"section\" data-e-type=\"section\">\n\t\t\t\t\t\t<div class=\"elementor-container elementor-column-gap-default\">\n\t\t\t\t\t<div class=\"elementor-column elementor-col-100 elementor-top-column elementor-element elementor-element-d6322d8\" data-id=\"d6322d8\" data-element_type=\"column\" data-e-type=\"column\">\n\t\t\t<div class=\"elementor-widget-wrap elementor-element-populated\">\n\t\t\t\t\t\t<div class=\"elementor-element elementor-element-b324d9d elementor-widget elementor-widget-heading\" data-id=\"b324d9d\" data-element_type=\"widget\" data-e-type=\"widget\" data-widget_type=\"heading.default\">\n\t\t\t\t<div class=\"elementor-widget-container\">\n\t\t\t\t\t<h1 class=\"elementor-heading-title elementor-size-default\">NAPRAWY BIE\u017b\u0104CE\n<\/h1>\t\t\t\t<\/div>\n\t\t\t\t<\/div>\n\t\t\t\t\t<\/div>\n\t\t<\/div>\n\t\t\t\t\t<\/div>\n\t\t<\/section>\n\t\t\t\t<section class=\"elementor-section elementor-top-section elementor-element elementor-element-9d65e4c elementor-section-full_width elementor-section-stretched 1 elementor-section-height-default elementor-section-height-default\" data-id=\"9d65e4c\" data-element_type=\"section\" data-e-type=\"section\" data-settings=\"{&quot;stretch_section&quot;:&quot;section-stretched&quot;}\">\n\t\t\t\t\t\t<div class=\"elementor-container elementor-column-gap-no\">\n\t\t\t\t\t<div class=\"elementor-column elementor-col-50 elementor-top-column elementor-element elementor-element-4b6ea85\" data-id=\"4b6ea85\" data-element_type=\"column\" data-e-type=\"column\">\n\t\t\t<div class=\"elementor-widget-wrap elementor-element-populated\">\n\t\t\t\t\t\t<div class=\"elementor-element elementor-element-ba55dad elementor-widget elementor-widget-image\" data-id=\"ba55dad\" data-element_type=\"widget\" data-e-type=\"widget\" data-widget_type=\"image.default\">\n\t\t\t\t<div class=\"elementor-widget-container\">\n\t\t\t\t\t\t\t\t\t\t\t\t\t\t\t<img fetchpriority=\"high\" decoding=\"async\" width=\"800\" height=\"411\" src=\"https:\/\/autoserwisraczkowski.pl\/wp-content\/uploads\/2022\/07\/Screenshot_18.png\" class=\"attachment-large size-large wp-image-378\" alt=\"\" srcset=\"https:\/\/autoserwisraczkowski.pl\/wp-content\/uploads\/2022\/07\/Screenshot_18.png 947w, https:\/\/autoserwisraczkowski.pl\/wp-content\/uploads\/2022\/07\/Screenshot_18-300x154.png 300w, https:\/\/autoserwisraczkowski.pl\/wp-content\/uploads\/2022\/07\/Screenshot_18-768x394.png 768w\" sizes=\"(max-width: 800px) 100vw, 800px\" title=\"\">\t\t\t\t\t\t\t\t\t\t\t\t\t\t\t<\/div>\n\t\t\t\t<\/div>\n\t\t\t\t\t<\/div>\n\t\t<\/div>\n\t\t\t\t<div class=\"elementor-column elementor-col-50 elementor-top-column elementor-element elementor-element-0675b7e\" data-id=\"0675b7e\" data-element_type=\"column\" data-e-type=\"column\">\n\t\t\t<div class=\"elementor-widget-wrap elementor-element-populated\">\n\t\t\t\t\t\t<div class=\"elementor-element elementor-element-e04a8cb elementor-widget elementor-widget-spacer\" data-id=\"e04a8cb\" data-element_type=\"widget\" data-e-type=\"widget\" data-widget_type=\"spacer.default\">\n\t\t\t\t<div class=\"elementor-widget-container\">\n\t\t\t\t\t\t\t<div class=\"elementor-spacer\">\n\t\t\t<div class=\"elementor-spacer-inner\"><\/div>\n\t\t<\/div>\n\t\t\t\t\t\t<\/div>\n\t\t\t\t<\/div>\n\t\t\t\t<div class=\"elementor-element elementor-element-b7f428d elementor-widget elementor-widget-heading\" data-id=\"b7f428d\" data-element_type=\"widget\" data-e-type=\"widget\" data-widget_type=\"heading.default\">\n\t\t\t\t<div class=\"elementor-widget-container\">\n\t\t\t\t\t<h2 class=\"elementor-heading-title elementor-size-default\">NAPRAWY BIE\u017b\u0104CE<\/h2>\t\t\t\t<\/div>\n\t\t\t\t<\/div>\n\t\t\t\t<div class=\"elementor-element elementor-element-9f27c2f elementor-widget elementor-widget-text-editor\" data-id=\"9f27c2f\" data-element_type=\"widget\" data-e-type=\"widget\" data-widget_type=\"text-editor.default\">\n\t\t\t\t<div class=\"elementor-widget-container\">\n\t\t\t\t\t\t\t\t\t<p><span style=\"font-weight: 400;\">W Auto Serwis Raczkowski oferujemy kompleksowe us\u0142ugi zwi\u0105zane z naprawami bie\u017c\u0105cymi samochod\u00f3w. Nasz zesp\u00f3\u0142 do\u015bwiadczonych mechanik\u00f3w dba o to, aby Tw\u00f3j pojazd by\u0142 w pe\u0142ni sprawny i gotowy do codziennego u\u017cytkowania. Niezale\u017cnie od marki czy modelu, zapewniamy profesjonaln\u0105 obs\u0142ug\u0119 w konkurencyjnych cenach.\u00a0\u00a0<\/span><\/p>\t\t\t\t\t\t\t\t<\/div>\n\t\t\t\t<\/div>\n\t\t\t\t\t<\/div>\n\t\t<\/div>\n\t\t\t\t\t<\/div>\n\t\t<\/section>\n\t\t\t\t<section class=\"elementor-section elementor-top-section elementor-element elementor-element-1a08fc6 elementor-section-full_width elementor-section-stretched 2 elementor-section-height-default elementor-section-height-default\" data-id=\"1a08fc6\" data-element_type=\"section\" data-e-type=\"section\" data-settings=\"{&quot;stretch_section&quot;:&quot;section-stretched&quot;}\">\n\t\t\t\t\t\t<div class=\"elementor-container elementor-column-gap-no\">\n\t\t\t\t\t<div class=\"elementor-column elementor-col-50 elementor-top-column elementor-element elementor-element-4585fdd\" data-id=\"4585fdd\" data-element_type=\"column\" data-e-type=\"column\">\n\t\t\t<div class=\"elementor-widget-wrap elementor-element-populated\">\n\t\t\t\t\t\t<div class=\"elementor-element elementor-element-2d40f4e elementor-widget elementor-widget-spacer\" data-id=\"2d40f4e\" data-element_type=\"widget\" data-e-type=\"widget\" data-widget_type=\"spacer.default\">\n\t\t\t\t<div class=\"elementor-widget-container\">\n\t\t\t\t\t\t\t<div class=\"elementor-spacer\">\n\t\t\t<div class=\"elementor-spacer-inner\"><\/div>\n\t\t<\/div>\n\t\t\t\t\t\t<\/div>\n\t\t\t\t<\/div>\n\t\t\t\t<div class=\"elementor-element elementor-element-66443c1 elementor-widget elementor-widget-heading\" data-id=\"66443c1\" data-element_type=\"widget\" data-e-type=\"widget\" data-widget_type=\"heading.default\">\n\t\t\t\t<div class=\"elementor-widget-container\">\n\t\t\t\t\t<h2 class=\"elementor-heading-title elementor-size-default\">Co obejmuj\u0105 naprawy bie\u017c\u0105ce?  \n<\/h2>\t\t\t\t<\/div>\n\t\t\t\t<\/div>\n\t\t\t\t<div class=\"elementor-element elementor-element-b060a9f elementor-widget elementor-widget-text-editor\" data-id=\"b060a9f\" data-element_type=\"widget\" data-e-type=\"widget\" data-widget_type=\"text-editor.default\">\n\t\t\t\t<div class=\"elementor-widget-container\">\n\t\t\t\t\t\t\t\t\t<ul><li><span style=\"font-weight: 400;\">wymiana element\u00f3w zawieszenia: amortyzatory, spr\u0119\u017cyny, wahacze, dr\u0105\u017cki kierownicze\u00a0\u00a0<\/span><\/li><li><span style=\"font-weight: 400;\">naprawa uk\u0142adu hamulcowego: wymiana klock\u00f3w, tarcz, szcz\u0119k, regeneracja zacisk\u00f3w\u00a0\u00a0<\/span><\/li><li><span style=\"font-weight: 400;\">serwis uk\u0142adu wydechowego: wymiana t\u0142umik\u00f3w, katalizator\u00f3w, sond lambda\u00a0\u00a0<\/span><\/li><li><span style=\"font-weight: 400;\">diagnostyka i naprawa uk\u0142adu kierowniczego\u00a0\u00a0<\/span><\/li><li><span style=\"font-weight: 400;\">wymiana p\u0142yn\u00f3w eksploatacyjnych: oleje, p\u0142yny hamulcowe, ch\u0142odnicze\u00a0\u00a0<\/span><\/li><li><span style=\"font-weight: 400;\">naprawa uk\u0142ad\u00f3w elektrycznych i o\u015bwietlenia<\/span><\/li><\/ul>\t\t\t\t\t\t\t\t<\/div>\n\t\t\t\t<\/div>\n\t\t\t\t\t<\/div>\n\t\t<\/div>\n\t\t\t\t<div class=\"elementor-column elementor-col-50 elementor-top-column elementor-element elementor-element-7ba25b5\" data-id=\"7ba25b5\" data-element_type=\"column\" data-e-type=\"column\">\n\t\t\t<div class=\"elementor-widget-wrap elementor-element-populated\">\n\t\t\t\t\t\t<div class=\"elementor-element elementor-element-1615a9b elementor-widget elementor-widget-image\" data-id=\"1615a9b\" data-element_type=\"widget\" data-e-type=\"widget\" data-widget_type=\"image.default\">\n\t\t\t\t<div class=\"elementor-widget-container\">\n\t\t\t\t\t\t\t\t\t\t\t\t\t\t\t<img decoding=\"async\" width=\"800\" height=\"537\" src=\"https:\/\/autoserwisraczkowski.pl\/wp-content\/uploads\/2022\/07\/Screenshot_19.png\" class=\"attachment-large size-large wp-image-388\" alt=\"\" srcset=\"https:\/\/autoserwisraczkowski.pl\/wp-content\/uploads\/2022\/07\/Screenshot_19.png 935w, https:\/\/autoserwisraczkowski.pl\/wp-content\/uploads\/2022\/07\/Screenshot_19-300x201.png 300w, https:\/\/autoserwisraczkowski.pl\/wp-content\/uploads\/2022\/07\/Screenshot_19-768x516.png 768w\" sizes=\"(max-width: 800px) 100vw, 800px\" title=\"\">\t\t\t\t\t\t\t\t\t\t\t\t\t\t\t<\/div>\n\t\t\t\t<\/div>\n\t\t\t\t\t<\/div>\n\t\t<\/div>\n\t\t\t\t\t<\/div>\n\t\t<\/section>\n\t\t\t\t<section class=\"elementor-section elementor-top-section elementor-element elementor-element-881a2c3 elementor-section-full_width elementor-section-stretched 3 elementor-section-height-default elementor-section-height-default\" data-id=\"881a2c3\" data-element_type=\"section\" data-e-type=\"section\" data-settings=\"{&quot;stretch_section&quot;:&quot;section-stretched&quot;}\">\n\t\t\t\t\t\t<div class=\"elementor-container elementor-column-gap-no\">\n\t\t\t\t\t<div class=\"elementor-column elementor-col-50 elementor-top-column elementor-element elementor-element-5c357aa\" data-id=\"5c357aa\" data-element_type=\"column\" data-e-type=\"column\">\n\t\t\t<div class=\"elementor-widget-wrap elementor-element-populated\">\n\t\t\t\t\t\t<div class=\"elementor-element elementor-element-a7dcaae elementor-widget elementor-widget-image\" data-id=\"a7dcaae\" data-element_type=\"widget\" data-e-type=\"widget\" data-widget_type=\"image.default\">\n\t\t\t\t<div class=\"elementor-widget-container\">\n\t\t\t\t\t\t\t\t\t\t\t\t\t\t\t<img decoding=\"async\" width=\"800\" height=\"439\" src=\"https:\/\/autoserwisraczkowski.pl\/wp-content\/uploads\/2022\/07\/Screenshot_20.png\" class=\"attachment-large size-large wp-image-392\" alt=\"\" srcset=\"https:\/\/autoserwisraczkowski.pl\/wp-content\/uploads\/2022\/07\/Screenshot_20.png 944w, https:\/\/autoserwisraczkowski.pl\/wp-content\/uploads\/2022\/07\/Screenshot_20-300x165.png 300w, https:\/\/autoserwisraczkowski.pl\/wp-content\/uploads\/2022\/07\/Screenshot_20-768x421.png 768w\" sizes=\"(max-width: 800px) 100vw, 800px\" title=\"\">\t\t\t\t\t\t\t\t\t\t\t\t\t\t\t<\/div>\n\t\t\t\t<\/div>\n\t\t\t\t\t<\/div>\n\t\t<\/div>\n\t\t\t\t<div class=\"elementor-column elementor-col-50 elementor-top-column elementor-element elementor-element-46527d7\" data-id=\"46527d7\" data-element_type=\"column\" data-e-type=\"column\">\n\t\t\t<div class=\"elementor-widget-wrap elementor-element-populated\">\n\t\t\t\t\t\t<div class=\"elementor-element elementor-element-96dafce elementor-widget elementor-widget-spacer\" data-id=\"96dafce\" data-element_type=\"widget\" data-e-type=\"widget\" data-widget_type=\"spacer.default\">\n\t\t\t\t<div class=\"elementor-widget-container\">\n\t\t\t\t\t\t\t<div class=\"elementor-spacer\">\n\t\t\t<div class=\"elementor-spacer-inner\"><\/div>\n\t\t<\/div>\n\t\t\t\t\t\t<\/div>\n\t\t\t\t<\/div>\n\t\t\t\t<div class=\"elementor-element elementor-element-c31d802 elementor-widget elementor-widget-heading\" data-id=\"c31d802\" data-element_type=\"widget\" data-e-type=\"widget\" data-widget_type=\"heading.default\">\n\t\t\t\t<div class=\"elementor-widget-container\">\n\t\t\t\t\t<h2 class=\"elementor-heading-title elementor-size-default\">Dlaczego warto wybra\u0107 nasz serwis?  <\/h2>\t\t\t\t<\/div>\n\t\t\t\t<\/div>\n\t\t\t\t<div class=\"elementor-element elementor-element-3ce792d elementor-widget elementor-widget-text-editor\" data-id=\"3ce792d\" data-element_type=\"widget\" data-e-type=\"widget\" data-widget_type=\"text-editor.default\">\n\t\t\t\t<div class=\"elementor-widget-container\">\n\t\t\t\t\t\t\t\t\t<div class=\"mk-page-section-wrapper\" data-mk-full-width=\"true\" data-mk-full-width-init=\"true\" data-mk-stretch-content=\"true\"><div id=\"sk\" class=\"mk-page-section self-hosted half_left_layout half_boxed full-width-12 js-el js-master-row jupiter-donut- #nb mk-in-viewport\" data-intro-effect=\"false\"><div class=\"mk-half-layout-container page-section-content half_left_layout \"><div class=\"mk-half-layout-inner\"><div class=\"vc_col-sm-12 wpb_column column_container jupiter-donut- _ jupiter-donut-height-full\"><div id=\"box-14\" class=\"mk-custom-box jupiter-donut- hover-effect-image\"><div class=\"box-holder\"><div class=\" vc_custom_1571478390567\"><div id=\"text-block-16\" class=\"mk-text-block jupiter-donut- \"><p><span style=\"font-weight: 400;\">&#8211; Szybka diagnoza i skuteczna naprawa.\u00a0\u00a0<\/span><\/p><p><span style=\"font-weight: 400;\">&#8211; Nowoczesny sprz\u0119t i wysokiej jako\u015bci cz\u0119\u015bci zamienne.\u00a0\u00a0<\/span><\/p><p><span style=\"font-weight: 400;\">&#8211; Transparentno\u015b\u0107 koszt\u00f3w i fachowe doradztwo.\u00a0\u00a0<\/span><\/p><p><br \/><br \/><\/p><\/div><\/div><\/div><\/div><\/div><\/div><\/div><\/div><\/div>\t\t\t\t\t\t\t\t<\/div>\n\t\t\t\t<\/div>\n\t\t\t\t\t<\/div>\n\t\t<\/div>\n\t\t\t\t\t<\/div>\n\t\t<\/section>\n\t\t\t\t<section class=\"elementor-section elementor-top-section elementor-element elementor-element-3027f39 elementor-section-boxed elementor-section-height-default elementor-section-height-default\" data-id=\"3027f39\" data-element_type=\"section\" data-e-type=\"section\">\n\t\t\t\t\t\t<div class=\"elementor-container elementor-column-gap-default\">\n\t\t\t\t\t<div class=\"elementor-column elementor-col-50 elementor-top-column elementor-element elementor-element-b5f8cb7\" data-id=\"b5f8cb7\" data-element_type=\"column\" data-e-type=\"column\">\n\t\t\t<div class=\"elementor-widget-wrap elementor-element-populated\">\n\t\t\t\t\t\t<div class=\"elementor-element elementor-element-268daef elementor-widget elementor-widget-text-editor\" data-id=\"268daef\" data-element_type=\"widget\" data-e-type=\"widget\" data-widget_type=\"text-editor.default\">\n\t\t\t\t<div class=\"elementor-widget-container\">\n\t\t\t\t\t\t\t\t\t<p>\u00a0<\/p><p><span style=\"font-weight: 400;\">Dbamy o Twoje bezpiecze\u0144stwo i komfort jazdy. Skontaktuj si\u0119 z nami, aby um\u00f3wi\u0107 si\u0119 na wizyt\u0119 lub uzyska\u0107 wi\u0119cej informacji o naszych us\u0142ugach.\u00a0\u00a0<\/span><\/p><p>\u00a0<\/p><p><span style=\"font-weight: 400;\">Auto Serwis Raczkowski \u2013 Twoje auto w dobrych r\u0119kach.<\/span><\/p>\t\t\t\t\t\t\t\t<\/div>\n\t\t\t\t<\/div>\n\t\t\t\t\t<\/div>\n\t\t<\/div>\n\t\t\t\t<div class=\"elementor-column elementor-col-50 elementor-top-column elementor-element elementor-element-deaca39\" data-id=\"deaca39\" data-element_type=\"column\" data-e-type=\"column\">\n\t\t\t<div class=\"elementor-widget-wrap elementor-element-populated\">\n\t\t\t\t\t\t<div class=\"elementor-element elementor-element-9b2f821 elementor-button-align-stretch elementor-widget elementor-widget-form\" data-id=\"9b2f821\" data-element_type=\"widget\" data-e-type=\"widget\" data-settings=\"{&quot;step_next_label&quot;:&quot;Next&quot;,&quot;step_previous_label&quot;:&quot;Previous&quot;,&quot;button_width&quot;:&quot;100&quot;,&quot;step_type&quot;:&quot;number_text&quot;,&quot;step_icon_shape&quot;:&quot;circle&quot;}\" data-widget_type=\"form.default\">\n\t\t\t\t<div class=\"elementor-widget-container\">\n\t\t\t\t\t\t\t<form class=\"elementor-form\" method=\"post\" name=\"New Form\" aria-label=\"New Form\">\n\t\t\t<input type=\"hidden\" name=\"post_id\" value=\"4212\"\/>\n\t\t\t<input type=\"hidden\" name=\"form_id\" value=\"9b2f821\"\/>\n\t\t\t<input type=\"hidden\" name=\"referer_title\" value=\"\" \/>\n\n\t\t\t\n\t\t\t<div class=\"elementor-form-fields-wrapper elementor-labels-above\">\n\t\t\t\t\t\t\t\t<div class=\"elementor-field-type-text elementor-field-group elementor-column elementor-field-group-name elementor-col-50\">\n\t\t\t\t\t\t\t\t\t\t\t\t<label for=\"form-field-name\" class=\"elementor-field-label\">\n\t\t\t\t\t\t\t\t \t\t\t\t\t\t\t<\/label>\n\t\t\t\t\t\t\t\t\t\t\t\t\t\t<input size=\"1\" type=\"text\" name=\"form_fields[name]\" id=\"form-field-name\" class=\"elementor-field elementor-size-sm  elementor-field-textual\" placeholder=\"Imi\u0119\">\n\t\t\t\t\t\t\t\t\t\t\t<\/div>\n\t\t\t\t\t\t\t\t<div class=\"elementor-field-type-tel elementor-field-group elementor-column elementor-field-group-email elementor-col-50 elementor-field-required\">\n\t\t\t\t\t\t\t<input size=\"1\" type=\"tel\" name=\"form_fields[email]\" id=\"form-field-email\" class=\"elementor-field elementor-size-sm  elementor-field-textual\" placeholder=\"Numer telefonu\" required=\"required\" pattern=\"[0-9()#&amp;+*-=.]+\" title=\"Only numbers and phone characters (#, -, *, etc) are accepted.\">\n\n\t\t\t\t\t\t<\/div>\n\t\t\t\t\t\t\t\t<div class=\"elementor-field-type-email elementor-field-group elementor-column elementor-field-group-message elementor-col-50\">\n\t\t\t\t\t\t\t\t\t\t\t\t<label for=\"form-field-message\" class=\"elementor-field-label\">\n\t\t\t\t\t\t\t\t \t\t\t\t\t\t\t<\/label>\n\t\t\t\t\t\t\t\t\t\t\t\t\t\t<input size=\"1\" type=\"email\" name=\"form_fields[message]\" id=\"form-field-message\" class=\"elementor-field elementor-size-sm  elementor-field-textual\" placeholder=\"Email\">\n\t\t\t\t\t\t\t\t\t\t\t<\/div>\n\t\t\t\t\t\t\t\t<div class=\"elementor-field-type-text elementor-field-group elementor-column elementor-field-group-field_1c1f64e elementor-col-50\">\n\t\t\t\t\t\t\t\t\t\t\t\t\t<input size=\"1\" type=\"text\" name=\"form_fields[field_1c1f64e]\" id=\"form-field-field_1c1f64e\" class=\"elementor-field elementor-size-sm  elementor-field-textual\" placeholder=\"PRIZEPIC KOD\">\n\t\t\t\t\t\t\t\t\t\t\t<\/div>\n\t\t\t\t\t\t\t\t<div class=\"elementor-field-type-textarea elementor-field-group elementor-column elementor-field-group-field_2b783f7 elementor-col-100\">\n\t\t\t\t\t<textarea class=\"elementor-field-textual elementor-field  elementor-size-sm\" name=\"form_fields[field_2b783f7]\" id=\"form-field-field_2b783f7\" rows=\"4\" placeholder=\"W jaki spos\u00f3b mo\u017cemy Ci pom\u00f3c?\"><\/textarea>\t\t\t\t<\/div>\n\t\t\t\t\t\t\t\t<div class=\"elementor-field-type-acceptance elementor-field-group elementor-column elementor-field-group-field_38e8506 elementor-col-100\">\n\t\t\t\t\t\t\t<div class=\"elementor-field-subgroup\">\n\t\t\t<span class=\"elementor-field-option\">\n\t\t\t\t<input type=\"checkbox\" name=\"form_fields[field_38e8506]\" id=\"form-field-field_38e8506\" class=\"elementor-field elementor-size-sm  elementor-acceptance-field\">\n\t\t\t\t<label for=\"form-field-field_38e8506\">Wyra\u017cam zgod\u0119 na zbieranie danych przez Auto Serwis Raczkowski.<\/label>\t\t\t<\/span>\n\t\t<\/div>\n\t\t\t\t\t\t<\/div>\n\t\t\t\t\t\t\t\t<div class=\"elementor-field-group elementor-column elementor-field-type-submit elementor-col-100 e-form__buttons\">\n\t\t\t\t\t<button class=\"elementor-button elementor-size-sm\" type=\"submit\">\n\t\t\t\t\t\t<span class=\"elementor-button-content-wrapper\">\n\t\t\t\t\t\t\t\t\t\t\t\t\t\t\t\t\t\t\t\t\t\t<span class=\"elementor-button-text\">Wy\u015blij<\/span>\n\t\t\t\t\t\t\t\t\t\t\t\t\t<\/span>\n\t\t\t\t\t<\/button>\n\t\t\t\t<\/div>\n\t\t\t<\/div>\n\t\t<\/form>\n\t\t\t\t\t\t<\/div>\n\t\t\t\t<\/div>\n\t\t\t\t\t<\/div>\n\t\t<\/div>\n\t\t\t\t\t<\/div>\n\t\t<\/section>\n\t\t\t\t<\/div>\n\t\t","protected":false},"excerpt":{"rendered":"<p>NAPRAWY BIE\u017b\u0104CE NAPRAWY BIE\u017b\u0104CE W Auto Serwis Raczkowski oferujemy kompleksowe us\u0142ugi zwi\u0105zane z naprawami bie\u017c\u0105cymi samochod\u00f3w. Nasz zesp\u00f3\u0142 do\u015bwiadczonych mechanik\u00f3w dba o to, aby Tw\u00f3j pojazd by\u0142 w pe\u0142ni sprawny i gotowy do codziennego u\u017cytkowania. Niezale\u017cnie od marki czy modelu, zapewniamy profesjonaln\u0105 obs\u0142ug\u0119 w konkurencyjnych cenach.\u00a0\u00a0 Co obejmuj\u0105 naprawy bie\u017c\u0105ce? wymiana element\u00f3w zawieszenia: amortyzatory, spr\u0119\u017cyny, [&hellip;]<\/p>\n","protected":false},"author":2,"featured_media":0,"parent":0,"menu_order":0,"comment_status":"closed","ping_status":"closed","template":"elementor_header_footer","meta":{"footnotes":""},"class_list":["post-4212","page","type-page","status-publish","hentry"],"_links":{"self":[{"href":"https:\/\/autoserwisraczkowski.pl\/es\/wp-json\/wp\/v2\/pages\/4212","targetHints":{"allow":["GET"]}}],"collection":[{"href":"https:\/\/autoserwisraczkowski.pl\/es\/wp-json\/wp\/v2\/pages"}],"about":[{"href":"https:\/\/autoserwisraczkowski.pl\/es\/wp-json\/wp\/v2\/types\/page"}],"author":[{"embeddable":true,"href":"https:\/\/autoserwisraczkowski.pl\/es\/wp-json\/wp\/v2\/users\/2"}],"replies":[{"embeddable":true,"href":"https:\/\/autoserwisraczkowski.pl\/es\/wp-json\/wp\/v2\/comments?post=4212"}],"version-history":[{"count":13,"href":"https:\/\/autoserwisraczkowski.pl\/es\/wp-json\/wp\/v2\/pages\/4212\/revisions"}],"predecessor-version":[{"id":4242,"href":"https:\/\/autoserwisraczkowski.pl\/es\/wp-json\/wp\/v2\/pages\/4212\/revisions\/4242"}],"wp:attachment":[{"href":"https:\/\/autoserwisraczkowski.pl\/es\/wp-json\/wp\/v2\/media?parent=4212"}],"curies":[{"name":"wp","href":"https:\/\/api.w.org\/{rel}","templated":true}]}}