{"id":4226,"date":"2025-01-10T08:44:53","date_gmt":"2025-01-10T07:44:53","guid":{"rendered":"https:\/\/autoserwisraczkowski.pl\/?page_id=4226"},"modified":"2025-01-10T08:56:48","modified_gmt":"2025-01-10T07:56:48","slug":"flottenservice-kielce","status":"publish","type":"page","link":"https:\/\/autoserwisraczkowski.pl\/de\/flottenservice-kielce\/","title":{"rendered":"FLOTTENBETRIEB\u00a0\u00a0"},"content":{"rendered":"\t\t<div data-elementor-type=\"wp-page\" data-elementor-id=\"4226\" class=\"elementor elementor-4226\" data-elementor-post-type=\"page\">\n\t\t\t\t\t\t<section class=\"elementor-section elementor-top-section elementor-element elementor-element-9e6da96 elementor-section-boxed elementor-section-height-default elementor-section-height-default\" data-id=\"9e6da96\" data-element_type=\"section\" data-e-type=\"section\">\n\t\t\t\t\t\t<div class=\"elementor-container elementor-column-gap-default\">\n\t\t\t\t\t<div class=\"elementor-column elementor-col-100 elementor-top-column elementor-element elementor-element-e69900b\" data-id=\"e69900b\" data-element_type=\"column\" data-e-type=\"column\">\n\t\t\t<div class=\"elementor-widget-wrap elementor-element-populated\">\n\t\t\t\t\t\t<div class=\"elementor-element elementor-element-8f30b73 elementor-widget elementor-widget-heading\" data-id=\"8f30b73\" data-element_type=\"widget\" data-e-type=\"widget\" data-widget_type=\"heading.default\">\n\t\t\t\t<div class=\"elementor-widget-container\">\n\t\t\t\t\t<h2 class=\"elementor-heading-title elementor-size-default\">OBS\u0141UGA FLOT  \n<\/h2>\t\t\t\t<\/div>\n\t\t\t\t<\/div>\n\t\t\t\t\t<\/div>\n\t\t<\/div>\n\t\t\t\t\t<\/div>\n\t\t<\/section>\n\t\t\t\t<section class=\"elementor-section elementor-top-section elementor-element elementor-element-258a364 elementor-section-full_width elementor-section-stretched 1 elementor-section-height-default elementor-section-height-default\" data-id=\"258a364\" data-element_type=\"section\" data-e-type=\"section\" data-settings=\"{&quot;stretch_section&quot;:&quot;section-stretched&quot;}\">\n\t\t\t\t\t\t<div class=\"elementor-container elementor-column-gap-no\">\n\t\t\t\t\t<div class=\"elementor-column elementor-col-50 elementor-top-column elementor-element elementor-element-36941d3\" data-id=\"36941d3\" data-element_type=\"column\" data-e-type=\"column\">\n\t\t\t<div class=\"elementor-widget-wrap elementor-element-populated\">\n\t\t\t\t\t\t<div class=\"elementor-element elementor-element-3c67625 elementor-widget elementor-widget-image\" data-id=\"3c67625\" data-element_type=\"widget\" data-e-type=\"widget\" data-widget_type=\"image.default\">\n\t\t\t\t<div class=\"elementor-widget-container\">\n\t\t\t\t\t\t\t\t\t\t\t\t\t\t\t<img fetchpriority=\"high\" decoding=\"async\" width=\"560\" height=\"400\" src=\"https:\/\/autoserwisraczkowski.pl\/wp-content\/uploads\/2022\/08\/Untitled-design-2022-08-01T215234.390.png\" class=\"attachment-large size-large wp-image-522\" alt=\"autoserwisraczkowski\" srcset=\"https:\/\/autoserwisraczkowski.pl\/wp-content\/uploads\/2022\/08\/Untitled-design-2022-08-01T215234.390.png 560w, https:\/\/autoserwisraczkowski.pl\/wp-content\/uploads\/2022\/08\/Untitled-design-2022-08-01T215234.390-300x214.png 300w\" sizes=\"(max-width: 560px) 100vw, 560px\" title=\"\">\t\t\t\t\t\t\t\t\t\t\t\t\t\t\t<\/div>\n\t\t\t\t<\/div>\n\t\t\t\t\t<\/div>\n\t\t<\/div>\n\t\t\t\t<div class=\"elementor-column elementor-col-50 elementor-top-column elementor-element elementor-element-87930f1\" data-id=\"87930f1\" data-element_type=\"column\" data-e-type=\"column\">\n\t\t\t<div class=\"elementor-widget-wrap elementor-element-populated\">\n\t\t\t\t\t\t<div class=\"elementor-element elementor-element-2ee7432 elementor-widget elementor-widget-spacer\" data-id=\"2ee7432\" data-element_type=\"widget\" data-e-type=\"widget\" data-widget_type=\"spacer.default\">\n\t\t\t\t<div class=\"elementor-widget-container\">\n\t\t\t\t\t\t\t<div class=\"elementor-spacer\">\n\t\t\t<div class=\"elementor-spacer-inner\"><\/div>\n\t\t<\/div>\n\t\t\t\t\t\t<\/div>\n\t\t\t\t<\/div>\n\t\t\t\t<div class=\"elementor-element elementor-element-e8ecc2d elementor-widget elementor-widget-text-editor\" data-id=\"e8ecc2d\" data-element_type=\"widget\" data-e-type=\"widget\" data-widget_type=\"text-editor.default\">\n\t\t\t\t<div class=\"elementor-widget-container\">\n\t\t\t\t\t\t\t\t\t<p><span style=\"font-weight: 400;\">Auto Serwis Raczkowski oferuje kompleksow\u0105 obs\u0142ug\u0119 flot pojazd\u00f3w, skierowan\u0105 zar\u00f3wno do firm, jak i os\u00f3b prywatnych posiadaj\u0105cych wi\u0119ksz\u0105 liczb\u0119 samochod\u00f3w. Niezale\u017cnie od tego, czy zarz\u0105dzasz flot\u0105 firmow\u0105, czy jeste\u015b w\u0142a\u015bcicielem kilku pojazd\u00f3w, mo\u017cesz liczy\u0107 na profesjonalne wsparcie oraz pe\u0142en zakres us\u0142ug serwisowych, kt\u00f3re zapewni\u0105 ich sprawno\u015b\u0107 i bezpiecze\u0144stwo.\u00a0\u00a0<\/span><\/p><p><span style=\"font-weight: 400;\">Rozumiemy, \u017ce sprawne pojazdy s\u0105 kluczowe nie tylko dla biznesu, ale r\u00f3wnie\u017c dla codziennego u\u017cytkowania. Dlatego stawiamy na szybko\u015b\u0107, jako\u015b\u0107 i indywidualne podej\u015bcie do ka\u017cdego klienta.\u00a0 <\/span><\/p>\t\t\t\t\t\t\t\t<\/div>\n\t\t\t\t<\/div>\n\t\t\t\t\t<\/div>\n\t\t<\/div>\n\t\t\t\t\t<\/div>\n\t\t<\/section>\n\t\t\t\t<section class=\"elementor-section elementor-top-section elementor-element elementor-element-b286d91 elementor-section-full_width elementor-section-stretched 2 elementor-section-height-default elementor-section-height-default\" data-id=\"b286d91\" data-element_type=\"section\" data-e-type=\"section\" data-settings=\"{&quot;stretch_section&quot;:&quot;section-stretched&quot;}\">\n\t\t\t\t\t\t<div class=\"elementor-container elementor-column-gap-no\">\n\t\t\t\t\t<div class=\"elementor-column elementor-col-50 elementor-top-column elementor-element elementor-element-053389c\" data-id=\"053389c\" data-element_type=\"column\" data-e-type=\"column\">\n\t\t\t<div class=\"elementor-widget-wrap elementor-element-populated\">\n\t\t\t\t\t\t<div class=\"elementor-element elementor-element-1dafbd5 elementor-widget elementor-widget-spacer\" data-id=\"1dafbd5\" data-element_type=\"widget\" data-e-type=\"widget\" data-widget_type=\"spacer.default\">\n\t\t\t\t<div class=\"elementor-widget-container\">\n\t\t\t\t\t\t\t<div class=\"elementor-spacer\">\n\t\t\t<div class=\"elementor-spacer-inner\"><\/div>\n\t\t<\/div>\n\t\t\t\t\t\t<\/div>\n\t\t\t\t<\/div>\n\t\t\t\t<div class=\"elementor-element elementor-element-59e4be8 elementor-widget elementor-widget-heading\" data-id=\"59e4be8\" data-element_type=\"widget\" data-e-type=\"widget\" data-widget_type=\"heading.default\">\n\t\t\t\t<div class=\"elementor-widget-container\">\n\t\t\t\t\t<h2 class=\"elementor-heading-title elementor-size-default\">Zakres obs\u0142ugi flot obejmuje: <\/h2>\t\t\t\t<\/div>\n\t\t\t\t<\/div>\n\t\t\t\t<div class=\"elementor-element elementor-element-ffe43f7 elementor-widget elementor-widget-text-editor\" data-id=\"ffe43f7\" data-element_type=\"widget\" data-e-type=\"widget\" data-widget_type=\"text-editor.default\">\n\t\t\t\t<div class=\"elementor-widget-container\">\n\t\t\t\t\t\t\t\t\t<ol><li><span style=\"font-weight: 400;\">regularne przegl\u0105dy techniczne, kt\u00f3re pozwalaj\u0105 na bie\u017c\u0105co kontrolowa\u0107 stan pojazd\u00f3w i zapobiega\u0107 powa\u017cniejszym awariom,\u00a0\u00a0<\/span><\/li><li><span style=\"font-weight: 400;\">naprawy mechaniczne i elektryczne, aby wszystkie pojazdy dzia\u0142a\u0142y niezawodnie,\u00a0\u00a0<\/span><\/li><li><span style=\"font-weight: 400;\">wymian\u0119 opon i ich serwis, w tym wywa\u017canie k\u00f3\u0142, sezonowe zmiany ogumienia i napraw\u0119 uszkodze\u0144,\u00a0\u00a0<\/span><\/li><li><span style=\"font-weight: 400;\">kompleksow\u0105 diagnostyk\u0119 komputerow\u0105 w celu szybkiej identyfikacji i usuwania usterek,\u00a0\u00a0<\/span><\/li><li><span style=\"font-weight: 400;\">serwis uk\u0142adu hamulcowego, zawieszenia oraz uk\u0142adu kierowniczego dla zapewnienia bezpiecze\u0144stwa,\u00a0\u00a0<\/span><\/li><li><span style=\"font-weight: 400;\">wymian\u0119 olej\u00f3w, p\u0142yn\u00f3w eksploatacyjnych i filtr\u00f3w dla zachowania sprawno\u015bci technicznej,\u00a0\u00a0<\/span><\/li><li><span style=\"font-weight: 400;\">serwis klimatyzacji, w tym nape\u0142nianie, odgrzybianie i naprawy,\u00a0\u00a0<\/span><\/li><li><span style=\"font-weight: 400;\">szybkie usuwanie drobnych usterek, dzi\u0119ki czemu samochody mog\u0105 szybko wr\u00f3ci\u0107 na drog\u0119.\u00a0\u00a0<\/span><\/li><\/ol><p>\u00a0<\/p><p><span style=\"font-weight: 400;\">Oferujemy tak\u017ce indywidualne podej\u015bcie dla klient\u00f3w prywatnych, kt\u00f3rzy potrzebuj\u0105 pomocy w zarz\u0105dzaniu wi\u0119ksz\u0105 liczb\u0105 pojazd\u00f3w, takich jak auta w rodzinie, kolekcje samochod\u00f3w lub pojazdy wykorzystywane w dzia\u0142alno\u015bci niezarejestrowanej jako flota.\u00a0\u00a0<\/span><\/p><p>\u00a0<\/p>\t\t\t\t\t\t\t\t<\/div>\n\t\t\t\t<\/div>\n\t\t\t\t\t<\/div>\n\t\t<\/div>\n\t\t\t\t<div class=\"elementor-column elementor-col-50 elementor-top-column elementor-element elementor-element-139fff6\" data-id=\"139fff6\" data-element_type=\"column\" data-e-type=\"column\">\n\t\t\t<div class=\"elementor-widget-wrap elementor-element-populated\">\n\t\t\t\t\t\t<div class=\"elementor-element elementor-element-3a4e33a elementor-widget elementor-widget-image\" data-id=\"3a4e33a\" data-element_type=\"widget\" data-e-type=\"widget\" data-widget_type=\"image.default\">\n\t\t\t\t<div class=\"elementor-widget-container\">\n\t\t\t\t\t\t\t\t\t\t\t\t\t\t\t<img decoding=\"async\" width=\"800\" height=\"800\" src=\"https:\/\/autoserwisraczkowski.pl\/wp-content\/uploads\/2022\/08\/Untitled-design-2022-08-02T152611.426-1024x1024.png\" class=\"attachment-large size-large wp-image-540\" alt=\"\" srcset=\"https:\/\/autoserwisraczkowski.pl\/wp-content\/uploads\/2022\/08\/Untitled-design-2022-08-02T152611.426-1024x1024.png 1024w, https:\/\/autoserwisraczkowski.pl\/wp-content\/uploads\/2022\/08\/Untitled-design-2022-08-02T152611.426-300x300.png 300w, https:\/\/autoserwisraczkowski.pl\/wp-content\/uploads\/2022\/08\/Untitled-design-2022-08-02T152611.426-150x150.png 150w, https:\/\/autoserwisraczkowski.pl\/wp-content\/uploads\/2022\/08\/Untitled-design-2022-08-02T152611.426-768x768.png 768w, https:\/\/autoserwisraczkowski.pl\/wp-content\/uploads\/2022\/08\/Untitled-design-2022-08-02T152611.426.png 1080w\" sizes=\"(max-width: 800px) 100vw, 800px\" title=\"\">\t\t\t\t\t\t\t\t\t\t\t\t\t\t\t<\/div>\n\t\t\t\t<\/div>\n\t\t\t\t\t<\/div>\n\t\t<\/div>\n\t\t\t\t\t<\/div>\n\t\t<\/section>\n\t\t\t\t<section class=\"elementor-section elementor-top-section elementor-element elementor-element-54fbd18 elementor-section-full_width elementor-section-stretched 3 elementor-section-height-default elementor-section-height-default\" data-id=\"54fbd18\" data-element_type=\"section\" data-e-type=\"section\" data-settings=\"{&quot;stretch_section&quot;:&quot;section-stretched&quot;}\">\n\t\t\t\t\t\t<div class=\"elementor-container elementor-column-gap-no\">\n\t\t\t\t\t<div class=\"elementor-column elementor-col-50 elementor-top-column elementor-element elementor-element-90c7cf5\" data-id=\"90c7cf5\" data-element_type=\"column\" data-e-type=\"column\">\n\t\t\t<div class=\"elementor-widget-wrap elementor-element-populated\">\n\t\t\t\t\t\t<div class=\"elementor-element elementor-element-5791272 elementor-widget elementor-widget-image\" data-id=\"5791272\" data-element_type=\"widget\" data-e-type=\"widget\" data-widget_type=\"image.default\">\n\t\t\t\t<div class=\"elementor-widget-container\">\n\t\t\t\t\t\t\t\t\t\t\t\t\t\t\t<img decoding=\"async\" width=\"800\" height=\"534\" src=\"https:\/\/autoserwisraczkowski.pl\/wp-content\/uploads\/2022\/10\/Co-nalezy-wiedziec-o-wymiane-opon-1-1-1024x684.png\" class=\"attachment-large size-large wp-image-3320\" alt=\"\" srcset=\"https:\/\/autoserwisraczkowski.pl\/wp-content\/uploads\/2022\/10\/Co-nalezy-wiedziec-o-wymiane-opon-1-1-1024x684.png 1024w, https:\/\/autoserwisraczkowski.pl\/wp-content\/uploads\/2022\/10\/Co-nalezy-wiedziec-o-wymiane-opon-1-1-300x200.png 300w, https:\/\/autoserwisraczkowski.pl\/wp-content\/uploads\/2022\/10\/Co-nalezy-wiedziec-o-wymiane-opon-1-1-768x513.png 768w, https:\/\/autoserwisraczkowski.pl\/wp-content\/uploads\/2022\/10\/Co-nalezy-wiedziec-o-wymiane-opon-1-1.png 1080w\" sizes=\"(max-width: 800px) 100vw, 800px\" title=\"\">\t\t\t\t\t\t\t\t\t\t\t\t\t\t\t<\/div>\n\t\t\t\t<\/div>\n\t\t\t\t\t<\/div>\n\t\t<\/div>\n\t\t\t\t<div class=\"elementor-column elementor-col-50 elementor-top-column elementor-element elementor-element-1e4cbfe\" data-id=\"1e4cbfe\" data-element_type=\"column\" data-e-type=\"column\">\n\t\t\t<div class=\"elementor-widget-wrap elementor-element-populated\">\n\t\t\t\t\t\t<div class=\"elementor-element elementor-element-f3be476 elementor-widget elementor-widget-spacer\" data-id=\"f3be476\" data-element_type=\"widget\" data-e-type=\"widget\" data-widget_type=\"spacer.default\">\n\t\t\t\t<div class=\"elementor-widget-container\">\n\t\t\t\t\t\t\t<div class=\"elementor-spacer\">\n\t\t\t<div class=\"elementor-spacer-inner\"><\/div>\n\t\t<\/div>\n\t\t\t\t\t\t<\/div>\n\t\t\t\t<\/div>\n\t\t\t\t<div class=\"elementor-element elementor-element-f053263 elementor-widget elementor-widget-heading\" data-id=\"f053263\" data-element_type=\"widget\" data-e-type=\"widget\" data-widget_type=\"heading.default\">\n\t\t\t\t<div class=\"elementor-widget-container\">\n\t\t\t\t\t<h2 class=\"elementor-heading-title elementor-size-default\">Dlaczego warto wybra\u0107 Auto Serwis Raczkowski:  <\/h2>\t\t\t\t<\/div>\n\t\t\t\t<\/div>\n\t\t\t\t<div class=\"elementor-element elementor-element-9201272 elementor-widget elementor-widget-text-editor\" data-id=\"9201272\" data-element_type=\"widget\" data-e-type=\"widget\" data-widget_type=\"text-editor.default\">\n\t\t\t\t<div class=\"elementor-widget-container\">\n\t\t\t\t\t\t\t\t\t<div class=\"mk-page-section-wrapper\" data-mk-full-width=\"true\" data-mk-full-width-init=\"true\" data-mk-stretch-content=\"true\"><div id=\"sk\" class=\"mk-page-section self-hosted half_left_layout half_boxed full-width-12 js-el js-master-row jupiter-donut- #nb mk-in-viewport\" data-intro-effect=\"false\"><div class=\"mk-half-layout-container page-section-content half_left_layout \"><div class=\"mk-half-layout-inner\"><div class=\"vc_col-sm-12 wpb_column column_container jupiter-donut- _ jupiter-donut-height-full\"><div id=\"box-14\" class=\"mk-custom-box jupiter-donut- hover-effect-image\"><div class=\"box-holder\"><div class=\" vc_custom_1571478390567\"><div id=\"text-block-16\" class=\"mk-text-block jupiter-donut- \"><p><span style=\"font-weight: 400;\"><strong>elastyczne podej\u015bcie<\/strong> \u2013 niezale\u017cnie od liczby pojazd\u00f3w, dopasowujemy us\u0142ugi do Twoich potrzeb,\u00a0\u00a0<\/span><\/p><p><span style=\"font-weight: 400;\"><strong>atrakcyjne warunki wsp\u00f3\u0142pracy<\/strong> \u2013 oferujemy rabaty dla klient\u00f3w obs\u0142uguj\u0105cych wi\u0119ksz\u0105 liczb\u0119 aut,\u00a0\u00a0<\/span><\/p><p><span style=\"font-weight: 400;\"><strong>szybkie terminy realizacji<\/strong> \u2013 rozumiemy, jak wa\u017cne jest minimalizowanie przestoj\u00f3w pojazd\u00f3w,\u00a0\u00a0<\/span><\/p><p><span style=\"font-weight: 400;\"><strong>sta\u0142y kontakt i doradztwo<\/strong> \u2013 zapewniamy bie\u017c\u0105ce wsparcie i przypomnienia o serwisach lub przegl\u0105dach,\u00a0\u00a0<\/span><\/p><p><span style=\"font-weight: 400;\"><strong>przejrzysto\u015b\u0107 koszt\u00f3w<\/strong> \u2013 gwarantujemy jasne zasady wycen i rozlicze\u0144.\u00a0\u00a0<\/span><\/p><\/div><\/div><\/div><\/div><\/div><\/div><\/div><\/div><\/div>\t\t\t\t\t\t\t\t<\/div>\n\t\t\t\t<\/div>\n\t\t\t\t\t<\/div>\n\t\t<\/div>\n\t\t\t\t\t<\/div>\n\t\t<\/section>\n\t\t\t\t<section class=\"elementor-section elementor-top-section elementor-element elementor-element-6ba462b elementor-section-boxed elementor-section-height-default elementor-section-height-default\" data-id=\"6ba462b\" data-element_type=\"section\" data-e-type=\"section\">\n\t\t\t\t\t\t<div class=\"elementor-container elementor-column-gap-default\">\n\t\t\t\t\t<div class=\"elementor-column elementor-col-50 elementor-top-column elementor-element elementor-element-b80145d\" data-id=\"b80145d\" data-element_type=\"column\" data-e-type=\"column\">\n\t\t\t<div class=\"elementor-widget-wrap elementor-element-populated\">\n\t\t\t\t\t\t<div class=\"elementor-element elementor-element-d5910c0 elementor-widget elementor-widget-text-editor\" data-id=\"d5910c0\" data-element_type=\"widget\" data-e-type=\"widget\" data-widget_type=\"text-editor.default\">\n\t\t\t\t<div class=\"elementor-widget-container\">\n\t\t\t\t\t\t\t\t\t<p><span style=\"font-weight: 400;\">Bez wzgl\u0119du na to, czy zarz\u0105dzasz flot\u0105 w firmie, jeste\u015b w\u0142a\u015bcicielem kilku pojazd\u00f3w, czy te\u017c potrzebujesz pomocy w regularnym serwisowaniu samochod\u00f3w u\u017cywanych przez ca\u0142\u0105 rodzin\u0119, Auto Serwis Raczkowski zapewnia kompleksowe wsparcie techniczne na najwy\u017cszym poziomie.\u00a0\u00a0<\/span><\/p><p>\u00a0<\/p><p><span style=\"font-weight: 400;\">Skontaktuj si\u0119 z nami, aby dowiedzie\u0107 si\u0119 wi\u0119cej o naszej ofercie i um\u00f3wi\u0107 si\u0119 na wizyt\u0119. Twoja flota, zar\u00f3wno ta firmowa, jak i prywatna, jest w dobrych r\u0119kach. <\/span><\/p>\t\t\t\t\t\t\t\t<\/div>\n\t\t\t\t<\/div>\n\t\t\t\t\t<\/div>\n\t\t<\/div>\n\t\t\t\t<div class=\"elementor-column elementor-col-50 elementor-top-column elementor-element elementor-element-760f6e3\" data-id=\"760f6e3\" data-element_type=\"column\" data-e-type=\"column\">\n\t\t\t<div class=\"elementor-widget-wrap elementor-element-populated\">\n\t\t\t\t\t\t<div class=\"elementor-element elementor-element-4f52f7d elementor-button-align-stretch elementor-widget elementor-widget-form\" data-id=\"4f52f7d\" data-element_type=\"widget\" data-e-type=\"widget\" data-settings=\"{&quot;step_next_label&quot;:&quot;Next&quot;,&quot;step_previous_label&quot;:&quot;Previous&quot;,&quot;button_width&quot;:&quot;100&quot;,&quot;step_type&quot;:&quot;number_text&quot;,&quot;step_icon_shape&quot;:&quot;circle&quot;}\" data-widget_type=\"form.default\">\n\t\t\t\t<div class=\"elementor-widget-container\">\n\t\t\t\t\t\t\t<form class=\"elementor-form\" method=\"post\" name=\"New Form\" aria-label=\"New Form\">\n\t\t\t<input type=\"hidden\" name=\"post_id\" value=\"4226\"\/>\n\t\t\t<input type=\"hidden\" name=\"form_id\" value=\"4f52f7d\"\/>\n\t\t\t<input type=\"hidden\" name=\"referer_title\" value=\"OBS\u0141UGA FLOT\u00a0\u00a0 &#045; Auto Serwis Kielce | Mechanika pojazdowa\" \/>\n\n\t\t\t\t\t\t\t<input type=\"hidden\" name=\"queried_id\" value=\"4226\"\/>\n\t\t\t\n\t\t\t<div class=\"elementor-form-fields-wrapper elementor-labels-above\">\n\t\t\t\t\t\t\t\t<div class=\"elementor-field-type-text elementor-field-group elementor-column elementor-field-group-name elementor-col-50\">\n\t\t\t\t\t\t\t\t\t\t\t\t<label for=\"form-field-name\" class=\"elementor-field-label\">\n\t\t\t\t\t\t\t\t \t\t\t\t\t\t\t<\/label>\n\t\t\t\t\t\t\t\t\t\t\t\t\t\t<input size=\"1\" type=\"text\" name=\"form_fields[name]\" id=\"form-field-name\" class=\"elementor-field elementor-size-sm  elementor-field-textual\" placeholder=\"Imi\u0119\">\n\t\t\t\t\t\t\t\t\t\t\t<\/div>\n\t\t\t\t\t\t\t\t<div class=\"elementor-field-type-tel elementor-field-group elementor-column elementor-field-group-email elementor-col-50 elementor-field-required\">\n\t\t\t\t\t\t\t<input size=\"1\" type=\"tel\" name=\"form_fields[email]\" id=\"form-field-email\" class=\"elementor-field elementor-size-sm  elementor-field-textual\" placeholder=\"Numer telefonu\" required=\"required\" pattern=\"[0-9()#&amp;+*-=.]+\" title=\"Only numbers and phone characters (#, -, *, etc) are accepted.\">\n\n\t\t\t\t\t\t<\/div>\n\t\t\t\t\t\t\t\t<div class=\"elementor-field-type-email elementor-field-group elementor-column elementor-field-group-message elementor-col-50\">\n\t\t\t\t\t\t\t\t\t\t\t\t<label for=\"form-field-message\" class=\"elementor-field-label\">\n\t\t\t\t\t\t\t\t \t\t\t\t\t\t\t<\/label>\n\t\t\t\t\t\t\t\t\t\t\t\t\t\t<input size=\"1\" type=\"email\" name=\"form_fields[message]\" id=\"form-field-message\" class=\"elementor-field elementor-size-sm  elementor-field-textual\" placeholder=\"Email\">\n\t\t\t\t\t\t\t\t\t\t\t<\/div>\n\t\t\t\t\t\t\t\t<div class=\"elementor-field-type-text elementor-field-group elementor-column elementor-field-group-field_1c1f64e elementor-col-50\">\n\t\t\t\t\t\t\t\t\t\t\t\t\t<input size=\"1\" type=\"text\" name=\"form_fields[field_1c1f64e]\" id=\"form-field-field_1c1f64e\" class=\"elementor-field elementor-size-sm  elementor-field-textual\" placeholder=\"PRIZEPIC KOD\">\n\t\t\t\t\t\t\t\t\t\t\t<\/div>\n\t\t\t\t\t\t\t\t<div class=\"elementor-field-type-textarea elementor-field-group elementor-column elementor-field-group-field_2b783f7 elementor-col-100\">\n\t\t\t\t\t<textarea class=\"elementor-field-textual elementor-field  elementor-size-sm\" name=\"form_fields[field_2b783f7]\" id=\"form-field-field_2b783f7\" rows=\"4\" placeholder=\"W jaki spos\u00f3b mo\u017cemy Ci pom\u00f3c?\"><\/textarea>\t\t\t\t<\/div>\n\t\t\t\t\t\t\t\t<div class=\"elementor-field-type-acceptance elementor-field-group elementor-column elementor-field-group-field_38e8506 elementor-col-100\">\n\t\t\t\t\t\t\t<div class=\"elementor-field-subgroup\">\n\t\t\t<span class=\"elementor-field-option\">\n\t\t\t\t<input type=\"checkbox\" name=\"form_fields[field_38e8506]\" id=\"form-field-field_38e8506\" class=\"elementor-field elementor-size-sm  elementor-acceptance-field\">\n\t\t\t\t<label for=\"form-field-field_38e8506\">Wyra\u017cam zgod\u0119 na zbieranie danych przez Auto Serwis Raczkowski.<\/label>\t\t\t<\/span>\n\t\t<\/div>\n\t\t\t\t\t\t<\/div>\n\t\t\t\t\t\t\t\t<div class=\"elementor-field-group elementor-column elementor-field-type-submit elementor-col-100 e-form__buttons\">\n\t\t\t\t\t<button class=\"elementor-button elementor-size-sm\" type=\"submit\">\n\t\t\t\t\t\t<span class=\"elementor-button-content-wrapper\">\n\t\t\t\t\t\t\t\t\t\t\t\t\t\t\t\t\t\t\t\t\t\t<span class=\"elementor-button-text\">Wy\u015blij<\/span>\n\t\t\t\t\t\t\t\t\t\t\t\t\t<\/span>\n\t\t\t\t\t<\/button>\n\t\t\t\t<\/div>\n\t\t\t<\/div>\n\t\t<\/form>\n\t\t\t\t\t\t<\/div>\n\t\t\t\t<\/div>\n\t\t\t\t\t<\/div>\n\t\t<\/div>\n\t\t\t\t\t<\/div>\n\t\t<\/section>\n\t\t\t\t<\/div>\n\t\t","protected":false},"excerpt":{"rendered":"<p>OBS\u0141UGA FLOT Auto Serwis Raczkowski oferuje kompleksow\u0105 obs\u0142ug\u0119 flot pojazd\u00f3w, skierowan\u0105 zar\u00f3wno do firm, jak i os\u00f3b prywatnych posiadaj\u0105cych wi\u0119ksz\u0105 liczb\u0119 samochod\u00f3w. Niezale\u017cnie od tego, czy zarz\u0105dzasz flot\u0105 firmow\u0105, czy jeste\u015b w\u0142a\u015bcicielem kilku pojazd\u00f3w, mo\u017cesz liczy\u0107 na profesjonalne wsparcie oraz pe\u0142en zakres us\u0142ug serwisowych, kt\u00f3re zapewni\u0105 ich sprawno\u015b\u0107 i bezpiecze\u0144stwo.\u00a0\u00a0 Rozumiemy, \u017ce sprawne pojazdy s\u0105 [&hellip;]<\/p>\n","protected":false},"author":2,"featured_media":0,"parent":0,"menu_order":0,"comment_status":"closed","ping_status":"closed","template":"elementor_header_footer","meta":{"footnotes":""},"class_list":["post-4226","page","type-page","status-publish","hentry"],"_links":{"self":[{"href":"https:\/\/autoserwisraczkowski.pl\/de\/wp-json\/wp\/v2\/pages\/4226","targetHints":{"allow":["GET"]}}],"collection":[{"href":"https:\/\/autoserwisraczkowski.pl\/de\/wp-json\/wp\/v2\/pages"}],"about":[{"href":"https:\/\/autoserwisraczkowski.pl\/de\/wp-json\/wp\/v2\/types\/page"}],"author":[{"embeddable":true,"href":"https:\/\/autoserwisraczkowski.pl\/de\/wp-json\/wp\/v2\/users\/2"}],"replies":[{"embeddable":true,"href":"https:\/\/autoserwisraczkowski.pl\/de\/wp-json\/wp\/v2\/comments?post=4226"}],"version-history":[{"count":7,"href":"https:\/\/autoserwisraczkowski.pl\/de\/wp-json\/wp\/v2\/pages\/4226\/revisions"}],"predecessor-version":[{"id":4237,"href":"https:\/\/autoserwisraczkowski.pl\/de\/wp-json\/wp\/v2\/pages\/4226\/revisions\/4237"}],"wp:attachment":[{"href":"https:\/\/autoserwisraczkowski.pl\/de\/wp-json\/wp\/v2\/media?parent=4226"}],"curies":[{"name":"wp","href":"https:\/\/api.w.org\/{rel}","templated":true}]}}