{"id":3118,"date":"2022-10-28T15:24:52","date_gmt":"2022-10-28T13:24:52","guid":{"rendered":"http:\/\/autoserwisraczkowski.pl\/?page_id=3118"},"modified":"2022-10-28T15:40:25","modified_gmt":"2022-10-28T13:40:25","slug":"elementor-3118","status":"publish","type":"page","link":"https:\/\/autoserwisraczkowski.pl\/de\/elementor-3118\/","title":{"rendered":"Elementor #3118"},"content":{"rendered":"<div data-elementor-type=\"wp-page\" data-elementor-id=\"3118\" class=\"elementor elementor-3118\" data-elementor-post-type=\"page\">\n\t\t\t\t\t\t<section class=\"elementor-section elementor-top-section elementor-element elementor-element-e0b2dde elementor-section-boxed elementor-section-height-default elementor-section-height-default\" data-id=\"e0b2dde\" data-element_type=\"section\" data-e-type=\"section\">\n\t\t\t\t\t\t<div class=\"elementor-container elementor-column-gap-default\">\n\t\t\t\t\t<div class=\"elementor-column elementor-col-50 elementor-top-column elementor-element elementor-element-143764f\" data-id=\"143764f\" data-element_type=\"column\" data-e-type=\"column\">\n\t\t\t<div class=\"elementor-widget-wrap elementor-element-populated\">\n\t\t\t\t\t\t<div class=\"elementor-element elementor-element-4782939 elementor-widget elementor-widget-heading\" data-id=\"4782939\" data-element_type=\"widget\" data-e-type=\"widget\" data-widget_type=\"heading.default\">\n\t\t\t\t<div class=\"elementor-widget-container\">\n\t\t\t\t\t<h1 class=\"elementor-heading-title elementor-size-default\"><font style=\"vertical-align: inherit\"><font style=\"vertical-align: inherit\">Die Reifen sind daf\u00fcr verantwortlich, dass das Auto auf der Stra\u00dfe Halt beh\u00e4lt. <\/font><\/font><font style=\"vertical-align: inherit\"><font style=\"vertical-align: inherit\">.<\/font><\/font><\/h1>\t\t\t\t<\/div>\n\t\t\t\t<\/div>\n\t\t\t\t<div class=\"elementor-element elementor-element-53b3487 elementor-widget elementor-widget-text-editor\" data-id=\"53b3487\" data-element_type=\"widget\" data-e-type=\"widget\" data-widget_type=\"text-editor.default\">\n\t\t\t\t<div class=\"elementor-widget-container\">\n\t\t\t\t\t\t\t\t\t<p dir=\"auto\" data-pm-slice=\"1 1 []\">Dies ist eines der wichtigsten Elemente des Autos, da es mehr f\u00fcr die Sicherheit verantwortlich ist als alle elektronischen Ger\u00e4te an Bord.<\/p><p dir=\"auto\">W\u00e4hrend<strong> einen Autoreifen wechseln<\/strong> Spezialisten achten darauf, dieses Element nicht zu besch\u00e4digen. Es ist sehr wichtig, die richtige Ausr\u00fcstung zu verwenden, um alte Reifen sicher und schnell zu entfernen und durch neue zu ersetzen. In der Werkstatt <strong>Reifenwechsel <\/strong>in einem Auto beinhaltet auch die richtige Ausbalancierung. Der gesamte Vorgang sollte folgenderma\u00dfen aussehen:<\/p><ul><li><p dir=\"auto\">Ventile entfernen;<\/p><\/li><li><p dir=\"auto\">Luft aus einem Reifen ablassen;<\/p><\/li><li><p dir=\"auto\">Aufhebeln des Reifenwulstes;<\/p><\/li><li><p dir=\"auto\">Platzieren der Felge auf der Maschine;<\/p><\/li><li><p dir=\"auto\">Foto von Ausgleichsgewichten;<\/p><\/li><li><p dir=\"auto\">Anpassung des Montagearms an die Reifengr\u00f6\u00dfe;<\/p><\/li><li><p dir=\"auto\">Drehen des Reifenwulstes nach oben;<\/p><\/li><li><p dir=\"auto\">Einbau eines neuen Ventils.<\/p><\/li><\/ul><p dir=\"auto\">Unabh\u00e4ngig <strong>Ersetzen von Reifen oder R\u00e4dern an einem Auto<\/strong> ist nur m\u00f6glich, wenn Sie \u00fcber die richtige Ausr\u00fcstung verf\u00fcgen. Allerdings muss dabei beachtet werden, dass jeder Reifen auch richtig ausgewuchtet werden muss. Hierzu ist der Einsatz einer Spezialmaschine notwendig, die nur in professionellen Servicebetrieben erh\u00e4ltlich ist. Viele Menschen wissen beispielsweise auch nicht, <strong>So erkennen Sie rechte\/linke Reifen<\/strong>. Antworten auf diese und andere Fragen lassen sich zwar im Internet finden, die Zahl der Zweifel kann jedoch \u00fcberw\u00e4ltigend sein. Deshalb ist es besser, <strong>Reifenwechsel<\/strong> Spezialisten.<\/p>\t\t\t\t\t\t\t\t<\/div>\n\t\t\t\t<\/div>\n\t\t\t\t\t<\/div>\n\t\t<\/div>\n\t\t\t\t<div class=\"elementor-column elementor-col-50 elementor-top-column elementor-element elementor-element-2972c3b\" data-id=\"2972c3b\" data-element_type=\"column\" data-e-type=\"column\">\n\t\t\t<div class=\"elementor-widget-wrap elementor-element-populated\">\n\t\t\t\t\t\t<div class=\"elementor-element elementor-element-d0656dd elementor-widget elementor-widget-image\" data-id=\"d0656dd\" data-element_type=\"widget\" data-e-type=\"widget\" data-widget_type=\"image.default\">\n\t\t\t\t<div class=\"elementor-widget-container\">\n\t\t\t\t\t\t\t\t\t\t\t\t\t\t\t<img decoding=\"async\" src=\"https:\/\/autoserwisraczkowski.pl\/wp-content\/plugins\/elementor\/assets\/images\/placeholder.png\" title=\"\" alt=\"\" loading=\"lazy\">\t\t\t\t\t\t\t\t\t\t\t\t\t\t\t<\/div>\n\t\t\t\t<\/div>\n\t\t\t\t\t<\/div>\n\t\t<\/div>\n\t\t\t\t\t<\/div>\n\t\t<\/section>\n\t\t\t\t<section class=\"elementor-section elementor-top-section elementor-element elementor-element-997681f elementor-section-boxed elementor-section-height-default elementor-section-height-default\" data-id=\"997681f\" data-element_type=\"section\" data-e-type=\"section\">\n\t\t\t\t\t\t<div class=\"elementor-container elementor-column-gap-default\">\n\t\t\t\t\t<div class=\"elementor-column elementor-col-50 elementor-top-column elementor-element elementor-element-6820c8c\" data-id=\"6820c8c\" data-element_type=\"column\" data-e-type=\"column\">\n\t\t\t<div class=\"elementor-widget-wrap elementor-element-populated\">\n\t\t\t\t\t\t<div class=\"elementor-element elementor-element-6b696ba elementor-widget elementor-widget-heading\" data-id=\"6b696ba\" data-element_type=\"widget\" data-e-type=\"widget\" data-widget_type=\"heading.default\">\n\t\t\t\t<div class=\"elementor-widget-container\">\n\t\t\t\t\t<h2 class=\"elementor-heading-title elementor-size-default\">Wann m\u00fcssen die Reifen gewechselt werden?<\/h2>\t\t\t\t<\/div>\n\t\t\t\t<\/div>\n\t\t\t\t<div class=\"elementor-element elementor-element-7ae8410 elementor-widget elementor-widget-text-editor\" data-id=\"7ae8410\" data-element_type=\"widget\" data-e-type=\"widget\" data-widget_type=\"text-editor.default\">\n\t\t\t\t<div class=\"elementor-widget-container\">\n\t\t\t\t\t\t\t\t\t<p dir=\"auto\" data-pm-slice=\"1 1 []\"><span style=\"vertical-align: inherit;\"><span style=\"vertical-align: inherit;\">Viele Autofahrer gehen davon aus, dass Winterreifen nur bei Schneefall tauglich sind. <\/span><span style=\"vertical-align: inherit;\">Davon geht die Forschung der Technischen Universit\u00e4t Dresden aus. <\/span><span style=\"vertical-align: inherit;\">Es stellt sich heraus, dass nahezu 601 % der Ma\u00dfnahmen zur Lenkung von Benutzern auf solche Personen entfallen, die nicht vor dem Temperaturanstieg auf Winterreifen gewechselt haben. <\/span><span style=\"vertical-align: inherit;\">Bedenkt man, dass Sommerreifen in diesem Temperaturbereich ihre Haftung und somit ihre Bodenhaftung verlieren, ist davon auszugehen, dass durch die Erneuerung der Reifen die Temperatur lediglich um 7 Grad sinkt, nicht einmal die M\u00f6glichkeit besteht, sie zu erh\u00f6hen. <\/span><span style=\"vertical-align: inherit;\">Wir k\u00f6nnen mehr mit Reifen machen, wenn wir sie wieder neu einstellen k\u00f6nnen.<\/span><\/span><\/p>\t\t\t\t\t\t\t\t<\/div>\n\t\t\t\t<\/div>\n\t\t\t\t\t<\/div>\n\t\t<\/div>\n\t\t\t\t<div class=\"elementor-column elementor-col-50 elementor-top-column elementor-element elementor-element-9421e0c\" data-id=\"9421e0c\" data-element_type=\"column\" data-e-type=\"column\">\n\t\t\t<div class=\"elementor-widget-wrap elementor-element-populated\">\n\t\t\t\t\t\t<div class=\"elementor-element elementor-element-1236f57 elementor-widget elementor-widget-image\" data-id=\"1236f57\" data-element_type=\"widget\" data-e-type=\"widget\" data-widget_type=\"image.default\">\n\t\t\t\t<div class=\"elementor-widget-container\">\n\t\t\t\t\t\t\t\t\t\t\t\t\t\t\t<img decoding=\"async\" src=\"https:\/\/autoserwisraczkowski.pl\/wp-content\/plugins\/elementor\/assets\/images\/placeholder.png\" title=\"\" alt=\"\" loading=\"lazy\">\t\t\t\t\t\t\t\t\t\t\t\t\t\t\t<\/div>\n\t\t\t\t<\/div>\n\t\t\t\t\t<\/div>\n\t\t<\/div>\n\t\t\t\t\t<\/div>\n\t\t<\/section>\n\t\t\t\t<section class=\"elementor-section elementor-top-section elementor-element elementor-element-e24f167 elementor-section-boxed elementor-section-height-default elementor-section-height-default\" data-id=\"e24f167\" data-element_type=\"section\" data-e-type=\"section\">\n\t\t\t\t\t\t<div class=\"elementor-container elementor-column-gap-default\">\n\t\t\t\t\t<div class=\"elementor-column elementor-col-50 elementor-top-column elementor-element elementor-element-b48d2d8\" data-id=\"b48d2d8\" data-element_type=\"column\" data-e-type=\"column\">\n\t\t\t<div class=\"elementor-widget-wrap elementor-element-populated\">\n\t\t\t\t\t\t<div class=\"elementor-element elementor-element-4763d45 elementor-widget elementor-widget-heading\" data-id=\"4763d45\" data-element_type=\"widget\" data-e-type=\"widget\" data-widget_type=\"heading.default\">\n\t\t\t\t<div class=\"elementor-widget-container\">\n\t\t\t\t\t<h2 class=\"elementor-heading-title elementor-size-default\">Was m\u00fcssen Sie zum Reifenwechsel wissen?<\/h2>\t\t\t\t<\/div>\n\t\t\t\t<\/div>\n\t\t\t\t<div class=\"elementor-element elementor-element-522f2ca elementor-widget elementor-widget-text-editor\" data-id=\"522f2ca\" data-element_type=\"widget\" data-e-type=\"widget\" data-widget_type=\"text-editor.default\">\n\t\t\t\t<div class=\"elementor-widget-container\">\n\t\t\t\t\t\t\t\t\t<h5><span style=\"vertical-align: inherit;\"><span style=\"vertical-align: inherit;\">Selbst<\/span><\/span><strong><span style=\"vertical-align: inherit;\"><span style=\"vertical-align: inherit;\"> Die Reifen des Fahrzeugs sorgen stets f\u00fcr eine sichere Fahrt, erm\u00f6glichen den Einsatz von Werkzeugen, bieten zudem Technik oder liefern Kraftstoff. <\/span><span style=\"vertical-align: inherit;\">Deshalb kann der Reifenwechsel alle sechs Monate durch neue Winterreifen ersetzt werden.<\/span><\/span><\/strong><\/h5>\t\t\t\t\t\t\t\t<\/div>\n\t\t\t\t<\/div>\n\t\t\t\t\t<\/div>\n\t\t<\/div>\n\t\t\t\t<div class=\"elementor-column elementor-col-50 elementor-top-column elementor-element elementor-element-853279a\" data-id=\"853279a\" data-element_type=\"column\" data-e-type=\"column\">\n\t\t\t<div class=\"elementor-widget-wrap elementor-element-populated\">\n\t\t\t\t\t\t<div class=\"elementor-element elementor-element-c47d550 elementor-widget elementor-widget-image\" data-id=\"c47d550\" data-element_type=\"widget\" data-e-type=\"widget\" data-widget_type=\"image.default\">\n\t\t\t\t<div class=\"elementor-widget-container\">\n\t\t\t\t\t\t\t\t\t\t\t\t\t\t\t<img decoding=\"async\" src=\"https:\/\/autoserwisraczkowski.pl\/wp-content\/plugins\/elementor\/assets\/images\/placeholder.png\" title=\"\" alt=\"\" loading=\"lazy\">\t\t\t\t\t\t\t\t\t\t\t\t\t\t\t<\/div>\n\t\t\t\t<\/div>\n\t\t\t\t\t<\/div>\n\t\t<\/div>\n\t\t\t\t\t<\/div>\n\t\t<\/section>\n\t\t\t\t<section class=\"elementor-section elementor-top-section elementor-element elementor-element-0a551c4 elementor-section-boxed elementor-section-height-default elementor-section-height-default\" data-id=\"0a551c4\" data-element_type=\"section\" data-e-type=\"section\">\n\t\t\t\t\t\t<div class=\"elementor-container elementor-column-gap-default\">\n\t\t\t\t\t<div class=\"elementor-column elementor-col-50 elementor-top-column elementor-element elementor-element-193a8c3\" data-id=\"193a8c3\" data-element_type=\"column\" data-e-type=\"column\">\n\t\t\t<div class=\"elementor-widget-wrap elementor-element-populated\">\n\t\t\t\t\t\t<div class=\"elementor-element elementor-element-0f5b425 elementor-widget elementor-widget-heading\" data-id=\"0f5b425\" data-element_type=\"widget\" data-e-type=\"widget\" data-widget_type=\"heading.default\">\n\t\t\t\t<div class=\"elementor-widget-container\">\n\t\t\t\t\t<h2 class=\"elementor-heading-title elementor-size-default\">Profilaufbau \u2013 was ist wissenswert?\u00a0<\/h2>\t\t\t\t<\/div>\n\t\t\t\t<\/div>\n\t\t\t\t<div class=\"elementor-element elementor-element-f105040 elementor-widget elementor-widget-text-editor\" data-id=\"f105040\" data-element_type=\"widget\" data-e-type=\"widget\" data-widget_type=\"text-editor.default\">\n\t\t\t\t<div class=\"elementor-widget-container\">\n\t\t\t\t\t\t\t\t\t<p dir=\"auto\" data-pm-slice=\"1 1 []\">Das Profil ist der Teil des Reifens, der mit der Stra\u00dfenoberfl\u00e4che in Kontakt ist. Und wenn Sie sich die verschiedenen auf dem Markt erh\u00e4ltlichen Reifen ansehen, werden Sie feststellen, dass es eine gro\u00dfe Vielfalt an Profilmustern gibt.<\/p><p dir=\"auto\">Warum sind sie so unterschiedlich? Denn das Profilmuster ist ein einzigartiges Design, das die Traktion und das Handling unter bestimmten Fahrbedingungen verbessert. Wie im Krimi erkennt man die Marke eines Reifens an seinen Spuren, die er auf der Stra\u00dfe hinterl\u00e4sst.<\/p><p dir=\"auto\">Jedes Reifenprofil besteht aus vier Komponenten:<\/p><p dir=\"auto\">Die Rippen sind ein erhabener Teil des Profilmusters, der aus Profilbl\u00f6cken besteht.<\/p><p dir=\"auto\">Bei den Rillen handelt es sich um tiefe Kan\u00e4le, die kreisf\u00f6rmig und seitlich um den Reifen verlaufen.<\/p><p dir=\"auto\">Profilbl\u00f6cke sind erhabene Gummisegmente, die mit der Stra\u00dfenoberfl\u00e4che in Kontakt kommen.<\/p><p dir=\"auto\">Lamellen sind kleine, d\u00fcnne Schlitze in den Profilbl\u00f6cken.<\/p>\t\t\t\t\t\t\t\t<\/div>\n\t\t\t\t<\/div>\n\t\t\t\t\t<\/div>\n\t\t<\/div>\n\t\t\t\t<div class=\"elementor-column elementor-col-50 elementor-top-column elementor-element elementor-element-ce1959b\" data-id=\"ce1959b\" data-element_type=\"column\" data-e-type=\"column\">\n\t\t\t<div class=\"elementor-widget-wrap elementor-element-populated\">\n\t\t\t\t\t\t<div class=\"elementor-element elementor-element-699ee46 elementor-widget elementor-widget-image\" data-id=\"699ee46\" data-element_type=\"widget\" data-e-type=\"widget\" data-widget_type=\"image.default\">\n\t\t\t\t<div class=\"elementor-widget-container\">\n\t\t\t\t\t\t\t\t\t\t\t\t\t\t\t<img decoding=\"async\" src=\"https:\/\/autoserwisraczkowski.pl\/wp-content\/plugins\/elementor\/assets\/images\/placeholder.png\" title=\"\" alt=\"\" loading=\"lazy\">\t\t\t\t\t\t\t\t\t\t\t\t\t\t\t<\/div>\n\t\t\t\t<\/div>\n\t\t\t\t\t<\/div>\n\t\t<\/div>\n\t\t\t\t\t<\/div>\n\t\t<\/section>\n\t\t\t\t<section class=\"elementor-section elementor-top-section elementor-element elementor-element-244cc03 elementor-section-boxed elementor-section-height-default elementor-section-height-default\" data-id=\"244cc03\" data-element_type=\"section\" data-e-type=\"section\">\n\t\t\t\t\t\t<div class=\"elementor-container elementor-column-gap-default\">\n\t\t\t\t\t<div class=\"elementor-column elementor-col-50 elementor-top-column elementor-element elementor-element-23c16bc\" data-id=\"23c16bc\" data-element_type=\"column\" data-e-type=\"column\">\n\t\t\t<div class=\"elementor-widget-wrap elementor-element-populated\">\n\t\t\t\t\t\t<div class=\"elementor-element elementor-element-2e93e57 elementor-widget elementor-widget-heading\" data-id=\"2e93e57\" data-element_type=\"widget\" data-e-type=\"widget\" data-widget_type=\"heading.default\">\n\t\t\t\t<div class=\"elementor-widget-container\">\n\t\t\t\t\t<h2 class=\"elementor-heading-title elementor-size-default\">Reifentypen<\/h2>\t\t\t\t<\/div>\n\t\t\t\t<\/div>\n\t\t\t\t<div class=\"elementor-element elementor-element-0fa089f elementor-widget elementor-widget-text-editor\" data-id=\"0fa089f\" data-element_type=\"widget\" data-e-type=\"widget\" data-widget_type=\"text-editor.default\">\n\t\t\t\t<div class=\"elementor-widget-container\">\n\t\t\t\t\t\t\t\t\t<h2 dir=\"auto\" data-pm-slice=\"1 1 []\">SOMMERREIFEN<\/h2><p dir=\"auto\">Dieser Reifentyp ist ideal zum Fahren auf trockenen Oberfl\u00e4chen, unter solchen Bedingungen bietet er den besten Grip. Auf nassen Oberfl\u00e4chen l\u00e4sst die Reifenleistung nach. Zu Ihrer eigenen Sicherheit ist es wichtig, Ihre Reifen in gutem Zustand zu halten. Ein abgenutzter Reifen verliert seine Leistungsf\u00e4higkeit und kann gef\u00e4hrlich werden.<\/p><h2 dir=\"auto\">WINTERREIFEN<\/h2><p dir=\"auto\">Winterreifen <strong>haben die M+S Kennzeichnung auf der Reifenflanke (englisch)<\/strong> <strong>Schlamm + Schnee, Schlamm + Schnee) und das Symbol mit den drei Gipfeln und einer Schneeflocke darin<\/strong>. Manchmal kommt es vor, dass auf dem Reifen keine M+S Kennzeichnung vorhanden ist, sondern lediglich ein Symbol mit einer Schneeflocke \u2013 auch das bedeutet das. dass der Reifen f\u00fcr die Wintersaison konzipiert ist.<\/p><h2 dir=\"auto\"><strong>Ganzjahresreifen<\/strong><\/h2><p dir=\"auto\">Ein Ganzjahresreifen ist <strong>ein Kompromiss zwischen Sommerreifen und Winterreifen<\/strong>. Der Vorteil von Ganzjahresreifen liegt vor allem darin, dass wir diese das ganze Jahr \u00fcber nutzen k\u00f6nnen und sie nicht wechseln m\u00fcssen bzw. doppelt f\u00fcr den Reifenwechsel bezahlen m\u00fcssen.<\/p>\t\t\t\t\t\t\t\t<\/div>\n\t\t\t\t<\/div>\n\t\t\t\t\t<\/div>\n\t\t<\/div>\n\t\t\t\t<div class=\"elementor-column elementor-col-50 elementor-top-column elementor-element elementor-element-1cb33e3\" data-id=\"1cb33e3\" data-element_type=\"column\" data-e-type=\"column\">\n\t\t\t<div class=\"elementor-widget-wrap elementor-element-populated\">\n\t\t\t\t\t\t<div class=\"elementor-element elementor-element-d92e659 elementor-widget elementor-widget-image\" data-id=\"d92e659\" data-element_type=\"widget\" data-e-type=\"widget\" data-widget_type=\"image.default\">\n\t\t\t\t<div class=\"elementor-widget-container\">\n\t\t\t\t\t\t\t\t\t\t\t\t\t\t\t<img decoding=\"async\" src=\"https:\/\/autoserwisraczkowski.pl\/wp-content\/plugins\/elementor\/assets\/images\/placeholder.png\" title=\"\" alt=\"\" loading=\"lazy\">\t\t\t\t\t\t\t\t\t\t\t\t\t\t\t<\/div>\n\t\t\t\t<\/div>\n\t\t\t\t\t<\/div>\n\t\t<\/div>\n\t\t\t\t\t<\/div>\n\t\t<\/section>\n\t\t\t\t<section class=\"elementor-section elementor-top-section elementor-element elementor-element-c1b70c9 elementor-section-boxed elementor-section-height-default elementor-section-height-default\" data-id=\"c1b70c9\" data-element_type=\"section\" data-e-type=\"section\">\n\t\t\t\t\t\t<div class=\"elementor-container elementor-column-gap-default\">\n\t\t\t\t\t<div class=\"elementor-column elementor-col-50 elementor-top-column elementor-element elementor-element-92d2711\" data-id=\"92d2711\" data-element_type=\"column\" data-e-type=\"column\">\n\t\t\t<div class=\"elementor-widget-wrap elementor-element-populated\">\n\t\t\t\t\t\t<div class=\"elementor-element elementor-element-8efcbfc elementor-widget elementor-widget-heading\" data-id=\"8efcbfc\" data-element_type=\"widget\" data-e-type=\"widget\" data-widget_type=\"heading.default\">\n\t\t\t\t<div class=\"elementor-widget-container\">\n\t\t\t\t\t<h2 class=\"elementor-heading-title elementor-size-default\">Reifengr\u00f6\u00dfe<\/h2>\t\t\t\t<\/div>\n\t\t\t\t<\/div>\n\t\t\t\t<div class=\"elementor-element elementor-element-59147e1 elementor-widget elementor-widget-text-editor\" data-id=\"59147e1\" data-element_type=\"widget\" data-e-type=\"widget\" data-widget_type=\"text-editor.default\">\n\t\t\t\t<div class=\"elementor-widget-container\">\n\t\t\t\t\t\t\t\t\t<p dir=\"auto\" data-pm-slice=\"1 1 []\">Was bedeutet die Reifengr\u00f6\u00dfe? Die Gr\u00f6\u00dfen von Autoreifen werden durch eine Reihe von Zahlen und Buchstaben gekennzeichnet. Diese Daten finden Sie auf der Seitenwand des Reifens. Sie pr\u00e4sentieren der Reihe nach:<\/p><ul><li><p dir=\"auto\">Reifenbreite<\/p><\/li><li><p dir=\"auto\">Reifenprofilh\u00f6he<\/p><\/li><li><p dir=\"auto\">Durchmesser der verwendeten Felge<\/p><\/li><li><p dir=\"auto\">Reifentyp<\/p><\/li><li><p dir=\"auto\">Indizes: Tragf\u00e4higkeit und Geschwindigkeit<\/p><\/li><\/ul><p dir=\"auto\">Die wichtigsten Daten im Zusammenhang mit der Gr\u00f6\u00dfe sind die Reifenh\u00f6he und -breite. Ihre Einstellung ist ausschlaggebend f\u00fcr die Fahreigenschaften des Autos.<\/p>\t\t\t\t\t\t\t\t<\/div>\n\t\t\t\t<\/div>\n\t\t\t\t\t<\/div>\n\t\t<\/div>\n\t\t\t\t<div class=\"elementor-column elementor-col-50 elementor-top-column elementor-element elementor-element-c18e532\" data-id=\"c18e532\" data-element_type=\"column\" data-e-type=\"column\">\n\t\t\t<div class=\"elementor-widget-wrap elementor-element-populated\">\n\t\t\t\t\t\t<div class=\"elementor-element elementor-element-275c840 elementor-widget elementor-widget-image\" data-id=\"275c840\" data-element_type=\"widget\" data-e-type=\"widget\" data-widget_type=\"image.default\">\n\t\t\t\t<div class=\"elementor-widget-container\">\n\t\t\t\t\t\t\t\t\t\t\t\t\t\t\t<img decoding=\"async\" src=\"https:\/\/autoserwisraczkowski.pl\/wp-content\/plugins\/elementor\/assets\/images\/placeholder.png\" title=\"\" alt=\"\" loading=\"lazy\">\t\t\t\t\t\t\t\t\t\t\t\t\t\t\t<\/div>\n\t\t\t\t<\/div>\n\t\t\t\t\t<\/div>\n\t\t<\/div>\n\t\t\t\t\t<\/div>\n\t\t<\/section>\n\t\t\t\t<section class=\"elementor-section elementor-top-section elementor-element elementor-element-b4ce8f2 elementor-section-boxed elementor-section-height-default elementor-section-height-default\" data-id=\"b4ce8f2\" data-element_type=\"section\" data-e-type=\"section\">\n\t\t\t\t\t\t<div class=\"elementor-container elementor-column-gap-default\">\n\t\t\t\t\t<div class=\"elementor-column elementor-col-50 elementor-top-column elementor-element elementor-element-34df1f4\" data-id=\"34df1f4\" data-element_type=\"column\" data-e-type=\"column\">\n\t\t\t<div class=\"elementor-widget-wrap elementor-element-populated\">\n\t\t\t\t\t\t<div class=\"elementor-element elementor-element-d32d5d8 elementor-widget elementor-widget-heading\" data-id=\"d32d5d8\" data-element_type=\"widget\" data-e-type=\"widget\" data-widget_type=\"heading.default\">\n\t\t\t\t<div class=\"elementor-widget-container\">\n\t\t\t\t\t<h2 class=\"elementor-heading-title elementor-size-default\">Wie berechnet man die Ersatzgr\u00f6\u00dfe?<\/h2>\t\t\t\t<\/div>\n\t\t\t\t<\/div>\n\t\t\t\t<div class=\"elementor-element elementor-element-1e46355 elementor-widget elementor-widget-text-editor\" data-id=\"1e46355\" data-element_type=\"widget\" data-e-type=\"widget\" data-widget_type=\"text-editor.default\">\n\t\t\t\t<div class=\"elementor-widget-container\">\n\t\t\t\t\t\t\t\t\t<p dir=\"auto\" data-pm-slice=\"1 1 []\">Die Gr\u00f6\u00dfe des Ersatzreifens ergibt sich aus einem Vergleich der Au\u00dfendurchmesser des Referenzreifens und des empfohlenen Ersatzreifens. Wenn der Unterschied zwischen +1,5% und -2% liegt, kann der Reifen als Ersatz f\u00fcr den Originalreifen verwendet werden<\/p>\t\t\t\t\t\t\t\t<\/div>\n\t\t\t\t<\/div>\n\t\t\t\t\t<\/div>\n\t\t<\/div>\n\t\t\t\t<div class=\"elementor-column elementor-col-50 elementor-top-column elementor-element elementor-element-346ac36\" data-id=\"346ac36\" data-element_type=\"column\" data-e-type=\"column\">\n\t\t\t<div class=\"elementor-widget-wrap elementor-element-populated\">\n\t\t\t\t\t\t<div class=\"elementor-element elementor-element-3b6c096 elementor-widget elementor-widget-image\" data-id=\"3b6c096\" data-element_type=\"widget\" data-e-type=\"widget\" data-widget_type=\"image.default\">\n\t\t\t\t<div class=\"elementor-widget-container\">\n\t\t\t\t\t\t\t\t\t\t\t\t\t\t\t<img decoding=\"async\" src=\"https:\/\/autoserwisraczkowski.pl\/wp-content\/plugins\/elementor\/assets\/images\/placeholder.png\" title=\"\" alt=\"\" loading=\"lazy\">\t\t\t\t\t\t\t\t\t\t\t\t\t\t\t<\/div>\n\t\t\t\t<\/div>\n\t\t\t\t\t<\/div>\n\t\t<\/div>\n\t\t\t\t\t<\/div>\n\t\t<\/section>\n\t\t\t\t<\/div>","protected":false},"excerpt":{"rendered":"<p>Opony odpowiadaj\u0105 za zachowanie przyczepno\u015bci auta na drodze . To\u00a0jeden z\u00a0najwa\u017cniejszych element\u00f3w samochodu, poniewa\u017c odpowiada za\u00a0bezpiecze\u0144stwo bardziej, ni\u017c wszelkie elektroniczne nowinki na\u00a0pok\u0142adzie. Podczas wymiany opony w samochodzie specjali\u015bci dbaj\u0105 o to, by nie uszkodzi\u0107 tego elementu. Bardzo wa\u017cne jest u\u017cycie odpowiedniego sprz\u0119tu, pozwalaj\u0105cego na bezpieczne i szybkie zdj\u0119cie starych opon i zast\u0105pienie ich nowymi. W [&hellip;]<\/p>\n","protected":false},"author":4,"featured_media":0,"parent":0,"menu_order":0,"comment_status":"closed","ping_status":"closed","template":"","meta":{"footnotes":""},"class_list":["post-3118","page","type-page","status-publish","hentry"],"_links":{"self":[{"href":"https:\/\/autoserwisraczkowski.pl\/de\/wp-json\/wp\/v2\/pages\/3118","targetHints":{"allow":["GET"]}}],"collection":[{"href":"https:\/\/autoserwisraczkowski.pl\/de\/wp-json\/wp\/v2\/pages"}],"about":[{"href":"https:\/\/autoserwisraczkowski.pl\/de\/wp-json\/wp\/v2\/types\/page"}],"author":[{"embeddable":true,"href":"https:\/\/autoserwisraczkowski.pl\/de\/wp-json\/wp\/v2\/users\/4"}],"replies":[{"embeddable":true,"href":"https:\/\/autoserwisraczkowski.pl\/de\/wp-json\/wp\/v2\/comments?post=3118"}],"version-history":[{"count":25,"href":"https:\/\/autoserwisraczkowski.pl\/de\/wp-json\/wp\/v2\/pages\/3118\/revisions"}],"predecessor-version":[{"id":3143,"href":"https:\/\/autoserwisraczkowski.pl\/de\/wp-json\/wp\/v2\/pages\/3118\/revisions\/3143"}],"wp:attachment":[{"href":"https:\/\/autoserwisraczkowski.pl\/de\/wp-json\/wp\/v2\/media?parent=3118"}],"curies":[{"name":"wp","href":"https:\/\/api.w.org\/{rel}","templated":true}]}}